{"id":6639,"date":"2026-03-15T15:44:25","date_gmt":"2026-03-15T15:44:25","guid":{"rendered":"https:\/\/casadolivreiro.pt\/?post_type=product&#038;p=6639"},"modified":"2026-03-15T15:44:25","modified_gmt":"2026-03-15T15:44:25","slug":"o-grande-industrial-george-ohnet","status":"publish","type":"product","link":"https:\/\/casadolivreiro.pt\/index.php\/product\/o-grande-industrial-george-ohnet\/","title":{"rendered":"O GRANDE INDUSTRIAL &#8211; George Ohnet"},"content":{"rendered":"<p>O GRANDE INDUSTRIAL<\/p>\n<p>George Ohnet<\/p>\n<p>Colec\u00e7\u00e3o SIP<\/p>\n<p>Ano de edi\u00e7\u00e3o: 1933<\/p>\n<p>Editor: Sociedade Impressora Paulista, S. Paulo<\/p>\n<p>Idioma: Portugu\u00eas<\/p>\n<p>Dimens\u00f5es: 9.5 x 1.8 x 14.4cm<\/p>\n<p>Encaderna\u00e7\u00e3o: Capa mole<\/p>\n<p>P\u00e1ginas: 347<\/p>\n","protected":false},"excerpt":{"rendered":"<p>O GRANDE INDUSTRIAL George Ohnet Colec\u00e7\u00e3o SIP Ano de edi\u00e7\u00e3o: 1933 Editor: Sociedade Impressora Paulista, S. Paulo Idioma: Portugu\u00eas Dimens\u00f5es: 9.5 x 1.8 x 14.4cm Encaderna\u00e7\u00e3o: Capa mole P\u00e1ginas: 347<\/p>\n","protected":false},"featured_media":6640,"comment_status":"open","ping_status":"closed","template":"","meta":{"om_disable_all_campaigns":false,"_monsterinsights_skip_tracking":false,"_monsterinsights_sitenote_active":false,"_monsterinsights_sitenote_note":"","_monsterinsights_sitenote_category":0,"_uf_show_specific_survey":0,"_uf_disable_surveys":false},"product_cat":[26],"product_tag":[],"aioseo_notices":[],"jetpack_sharing_enabled":true,"_links":{"self":[{"href":"https:\/\/casadolivreiro.pt\/index.php\/wp-json\/wp\/v2\/product\/6639"}],"collection":[{"href":"https:\/\/casadolivreiro.pt\/index.php\/wp-json\/wp\/v2\/product"}],"about":[{"href":"https:\/\/casadolivreiro.pt\/index.php\/wp-json\/wp\/v2\/types\/product"}],"replies":[{"embeddable":true,"href":"https:\/\/casadolivreiro.pt\/index.php\/wp-json\/wp\/v2\/comments?post=6639"}],"wp:featuredmedia":[{"embeddable":true,"href":"https:\/\/casadolivreiro.pt\/index.php\/wp-json\/wp\/v2\/media\/6640"}],"wp:attachment":[{"href":"https:\/\/casadolivreiro.pt\/index.php\/wp-json\/wp\/v2\/media?parent=6639"}],"wp:term":[{"taxonomy":"product_cat","embeddable":true,"href":"https:\/\/casadolivreiro.pt\/index.php\/wp-json\/wp\/v2\/product_cat?post=6639"},{"taxonomy":"product_tag","embeddable":true,"href":"https:\/\/casadolivreiro.pt\/index.php\/wp-json\/wp\/v2\/product_tag?post=6639"}],"curies":[{"name":"wp","href":"https:\/\/api.w.org\/{rel}","templated":true}]}}