{"id":6637,"date":"2026-03-15T15:42:08","date_gmt":"2026-03-15T15:42:08","guid":{"rendered":"https:\/\/casadolivreiro.pt\/?post_type=product&#038;p=6637"},"modified":"2026-03-15T15:42:08","modified_gmt":"2026-03-15T15:42:08","slug":"a-vida-dum-rapaz-pobre-octavio-feuillet","status":"publish","type":"product","link":"https:\/\/casadolivreiro.pt\/index.php\/product\/a-vida-dum-rapaz-pobre-octavio-feuillet\/","title":{"rendered":"A VIDA DUM RAPAZ POBRE &#8211; Octavio Feuillet"},"content":{"rendered":"<p>A VIDA DUM RAPAZ POBRE<\/p>\n<p>Octavio Feuillet<\/p>\n<p>Colec\u00e7\u00e3o Civiliza\u00e7\u00e3o #29<\/p>\n<p>Ano de edi\u00e7\u00e3o: 195?<\/p>\n<p>Editor: Livraria Civiliza\u00e7\u00e3o Editora, Porto<\/p>\n<p>Idioma: Portugu\u00eas<\/p>\n<p>Dimens\u00f5es: 9 x 1.8 x 13.8cm<\/p>\n<p>Encaderna\u00e7\u00e3o: Capa dura<\/p>\n<p>P\u00e1ginas: 272<\/p>\n","protected":false},"excerpt":{"rendered":"<p>A VIDA DUM RAPAZ POBRE Octavio Feuillet Colec\u00e7\u00e3o Civiliza\u00e7\u00e3o #29 Ano de edi\u00e7\u00e3o: 195? Editor: Livraria Civiliza\u00e7\u00e3o Editora, Porto Idioma: Portugu\u00eas Dimens\u00f5es: 9 x 1.8 x 13.8cm Encaderna\u00e7\u00e3o: Capa dura P\u00e1ginas: 272<\/p>\n","protected":false},"featured_media":6638,"comment_status":"open","ping_status":"closed","template":"","meta":{"om_disable_all_campaigns":false,"_monsterinsights_skip_tracking":false,"_monsterinsights_sitenote_active":false,"_monsterinsights_sitenote_note":"","_monsterinsights_sitenote_category":0,"_uf_show_specific_survey":0,"_uf_disable_surveys":false},"product_cat":[26],"product_tag":[],"aioseo_notices":[],"jetpack_sharing_enabled":true,"_links":{"self":[{"href":"https:\/\/casadolivreiro.pt\/index.php\/wp-json\/wp\/v2\/product\/6637"}],"collection":[{"href":"https:\/\/casadolivreiro.pt\/index.php\/wp-json\/wp\/v2\/product"}],"about":[{"href":"https:\/\/casadolivreiro.pt\/index.php\/wp-json\/wp\/v2\/types\/product"}],"replies":[{"embeddable":true,"href":"https:\/\/casadolivreiro.pt\/index.php\/wp-json\/wp\/v2\/comments?post=6637"}],"wp:featuredmedia":[{"embeddable":true,"href":"https:\/\/casadolivreiro.pt\/index.php\/wp-json\/wp\/v2\/media\/6638"}],"wp:attachment":[{"href":"https:\/\/casadolivreiro.pt\/index.php\/wp-json\/wp\/v2\/media?parent=6637"}],"wp:term":[{"taxonomy":"product_cat","embeddable":true,"href":"https:\/\/casadolivreiro.pt\/index.php\/wp-json\/wp\/v2\/product_cat?post=6637"},{"taxonomy":"product_tag","embeddable":true,"href":"https:\/\/casadolivreiro.pt\/index.php\/wp-json\/wp\/v2\/product_tag?post=6637"}],"curies":[{"name":"wp","href":"https:\/\/api.w.org\/{rel}","templated":true}]}}