{"id":6631,"date":"2026-03-15T15:34:31","date_gmt":"2026-03-15T15:34:31","guid":{"rendered":"https:\/\/casadolivreiro.pt\/?post_type=product&#038;p=6631"},"modified":"2026-03-15T15:34:31","modified_gmt":"2026-03-15T15:34:31","slug":"meu-portugal-minha-terra-selecta-de-lingua-e-historia-patria-para-o-1-o-ciclo-dos-liceus-beatriz-mendes-paula-maria-alice-gouveia","status":"publish","type":"product","link":"https:\/\/casadolivreiro.pt\/index.php\/product\/meu-portugal-minha-terra-selecta-de-lingua-e-historia-patria-para-o-1-o-ciclo-dos-liceus-beatriz-mendes-paula-maria-alice-gouveia\/","title":{"rendered":"MEU PORTUGAL, MINHA TERRA Selecta de Lingua e Hist\u00f3ria P\u00e1tria para o 1.\u00ba ciclo dos liceus &#8211; Beatriz Mendes Paula, Maria Alice Gouveia"},"content":{"rendered":"<p>MEU PORTUGAL, MINHA TERRA<\/p>\n<p>Selecta de Lingua e Hist\u00f3ria P\u00e1tria para o 1.\u00ba ciclo dos liceus<\/p>\n<p>Beatriz Mendes Paula, Maria Alice Gouveia<\/p>\n<p>Ano de edi\u00e7\u00e3o: 1965<\/p>\n<p>Editor: Empresa Literaria Fluminense, Lda. Lisboa<\/p>\n<p>Idioma: Portugu\u00eas<\/p>\n<p>Dimens\u00f5es: 16 x 1.3 x 20.5cm<\/p>\n<p>Encaderna\u00e7\u00e3o: Capa dura<\/p>\n<p>P\u00e1ginas: 252<\/p>\n","protected":false},"excerpt":{"rendered":"<p>MEU PORTUGAL, MINHA TERRA Selecta de Lingua e Hist\u00f3ria P\u00e1tria para o 1.\u00ba ciclo dos liceus Beatriz Mendes Paula, Maria Alice Gouveia Ano de edi\u00e7\u00e3o: 1965 Editor: Empresa Literaria Fluminense, Lda. Lisboa Idioma: Portugu\u00eas Dimens\u00f5es: 16 x 1.3 x 20.5cm Encaderna\u00e7\u00e3o: Capa dura P\u00e1ginas: 252<\/p>\n","protected":false},"featured_media":6632,"comment_status":"open","ping_status":"closed","template":"","meta":{"om_disable_all_campaigns":false,"_monsterinsights_skip_tracking":false,"_monsterinsights_sitenote_active":false,"_monsterinsights_sitenote_note":"","_monsterinsights_sitenote_category":0,"_uf_show_specific_survey":0,"_uf_disable_surveys":false},"product_cat":[47,30,45],"product_tag":[],"aioseo_notices":[],"jetpack_sharing_enabled":true,"_links":{"self":[{"href":"https:\/\/casadolivreiro.pt\/index.php\/wp-json\/wp\/v2\/product\/6631"}],"collection":[{"href":"https:\/\/casadolivreiro.pt\/index.php\/wp-json\/wp\/v2\/product"}],"about":[{"href":"https:\/\/casadolivreiro.pt\/index.php\/wp-json\/wp\/v2\/types\/product"}],"replies":[{"embeddable":true,"href":"https:\/\/casadolivreiro.pt\/index.php\/wp-json\/wp\/v2\/comments?post=6631"}],"wp:featuredmedia":[{"embeddable":true,"href":"https:\/\/casadolivreiro.pt\/index.php\/wp-json\/wp\/v2\/media\/6632"}],"wp:attachment":[{"href":"https:\/\/casadolivreiro.pt\/index.php\/wp-json\/wp\/v2\/media?parent=6631"}],"wp:term":[{"taxonomy":"product_cat","embeddable":true,"href":"https:\/\/casadolivreiro.pt\/index.php\/wp-json\/wp\/v2\/product_cat?post=6631"},{"taxonomy":"product_tag","embeddable":true,"href":"https:\/\/casadolivreiro.pt\/index.php\/wp-json\/wp\/v2\/product_tag?post=6631"}],"curies":[{"name":"wp","href":"https:\/\/api.w.org\/{rel}","templated":true}]}}