{"id":6627,"date":"2026-03-15T15:29:46","date_gmt":"2026-03-15T15:29:46","guid":{"rendered":"https:\/\/casadolivreiro.pt\/?post_type=product&#038;p=6627"},"modified":"2026-03-15T15:29:46","modified_gmt":"2026-03-15T15:29:46","slug":"eramos-4-irmaos-hugo-rocha","status":"publish","type":"product","link":"https:\/\/casadolivreiro.pt\/index.php\/product\/eramos-4-irmaos-hugo-rocha\/","title":{"rendered":"\u00c9RAMOS 4 IRM\u00c1OS &#8211; Hugo Rocha"},"content":{"rendered":"<p>\u00c9RAMOS 4 IRM\u00c1OS<\/p>\n<p>Hugo Rocha<\/p>\n<p>Ano de edi\u00e7\u00e3o: 1946<\/p>\n<p>Editor: Edi\u00e7\u00f5es Astra, Porto<\/p>\n<p>Idioma: Portugu\u00eas<\/p>\n<p>Dimens\u00f5es: 15 x 4.3 x 21.5cm<\/p>\n<p>Encaderna\u00e7\u00e3o: Capa mole<\/p>\n<p>P\u00e1ginas: 598<\/p>\n","protected":false},"excerpt":{"rendered":"<p>\u00c9RAMOS 4 IRM\u00c1OS Hugo Rocha Ano de edi\u00e7\u00e3o: 1946 Editor: Edi\u00e7\u00f5es Astra, Porto Idioma: Portugu\u00eas Dimens\u00f5es: 15 x 4.3 x 21.5cm Encaderna\u00e7\u00e3o: Capa mole P\u00e1ginas: 598<\/p>\n","protected":false},"featured_media":6628,"comment_status":"open","ping_status":"closed","template":"","meta":{"om_disable_all_campaigns":false,"_monsterinsights_skip_tracking":false,"_monsterinsights_sitenote_active":false,"_monsterinsights_sitenote_note":"","_monsterinsights_sitenote_category":0,"_uf_show_specific_survey":0,"_uf_disable_surveys":false},"product_cat":[25,37],"product_tag":[],"aioseo_notices":[],"jetpack_sharing_enabled":true,"_links":{"self":[{"href":"https:\/\/casadolivreiro.pt\/index.php\/wp-json\/wp\/v2\/product\/6627"}],"collection":[{"href":"https:\/\/casadolivreiro.pt\/index.php\/wp-json\/wp\/v2\/product"}],"about":[{"href":"https:\/\/casadolivreiro.pt\/index.php\/wp-json\/wp\/v2\/types\/product"}],"replies":[{"embeddable":true,"href":"https:\/\/casadolivreiro.pt\/index.php\/wp-json\/wp\/v2\/comments?post=6627"}],"wp:featuredmedia":[{"embeddable":true,"href":"https:\/\/casadolivreiro.pt\/index.php\/wp-json\/wp\/v2\/media\/6628"}],"wp:attachment":[{"href":"https:\/\/casadolivreiro.pt\/index.php\/wp-json\/wp\/v2\/media?parent=6627"}],"wp:term":[{"taxonomy":"product_cat","embeddable":true,"href":"https:\/\/casadolivreiro.pt\/index.php\/wp-json\/wp\/v2\/product_cat?post=6627"},{"taxonomy":"product_tag","embeddable":true,"href":"https:\/\/casadolivreiro.pt\/index.php\/wp-json\/wp\/v2\/product_tag?post=6627"}],"curies":[{"name":"wp","href":"https:\/\/api.w.org\/{rel}","templated":true}]}}