{"id":6623,"date":"2026-03-15T15:25:53","date_gmt":"2026-03-15T15:25:53","guid":{"rendered":"https:\/\/casadolivreiro.pt\/?post_type=product&#038;p=6623"},"modified":"2026-03-15T15:25:54","modified_gmt":"2026-03-15T15:25:54","slug":"jabadao-anne-de-tourville","status":"publish","type":"product","link":"https:\/\/casadolivreiro.pt\/index.php\/product\/jabadao-anne-de-tourville\/","title":{"rendered":"JABADAO &#8211; Anne de Tourville"},"content":{"rendered":"<p>JABADAO<\/p>\n<p>Anne de Tourville<\/p>\n<p>Tradu\u00e7\u00e3o de Cabral do Nascimento<\/p>\n<p>Ano de edi\u00e7\u00e3o: 1952<\/p>\n<p>Editor: Editorial Minerva, Lisboa<\/p>\n<p>Idioma: Portugu\u00eas<\/p>\n<p>Dimens\u00f5es: 13.5 x 1.8 x 18.8 cm<\/p>\n<p>Encaderna\u00e7\u00e3o: Capa mole<\/p>\n<p>P\u00e1ginas: 279<\/p>\n","protected":false},"excerpt":{"rendered":"<p>JABADAO Anne de Tourville Tradu\u00e7\u00e3o de Cabral do Nascimento Ano de edi\u00e7\u00e3o: 1952 Editor: Editorial Minerva, Lisboa Idioma: Portugu\u00eas Dimens\u00f5es: 13.5 x 1.8 x 18.8 cm Encaderna\u00e7\u00e3o: Capa mole P\u00e1ginas: 279<\/p>\n","protected":false},"featured_media":6624,"comment_status":"open","ping_status":"closed","template":"","meta":{"om_disable_all_campaigns":false,"_monsterinsights_skip_tracking":false,"_monsterinsights_sitenote_active":false,"_monsterinsights_sitenote_note":"","_monsterinsights_sitenote_category":0,"_uf_show_specific_survey":0,"_uf_disable_surveys":false},"product_cat":[26],"product_tag":[],"aioseo_notices":[],"jetpack_sharing_enabled":true,"_links":{"self":[{"href":"https:\/\/casadolivreiro.pt\/index.php\/wp-json\/wp\/v2\/product\/6623"}],"collection":[{"href":"https:\/\/casadolivreiro.pt\/index.php\/wp-json\/wp\/v2\/product"}],"about":[{"href":"https:\/\/casadolivreiro.pt\/index.php\/wp-json\/wp\/v2\/types\/product"}],"replies":[{"embeddable":true,"href":"https:\/\/casadolivreiro.pt\/index.php\/wp-json\/wp\/v2\/comments?post=6623"}],"wp:featuredmedia":[{"embeddable":true,"href":"https:\/\/casadolivreiro.pt\/index.php\/wp-json\/wp\/v2\/media\/6624"}],"wp:attachment":[{"href":"https:\/\/casadolivreiro.pt\/index.php\/wp-json\/wp\/v2\/media?parent=6623"}],"wp:term":[{"taxonomy":"product_cat","embeddable":true,"href":"https:\/\/casadolivreiro.pt\/index.php\/wp-json\/wp\/v2\/product_cat?post=6623"},{"taxonomy":"product_tag","embeddable":true,"href":"https:\/\/casadolivreiro.pt\/index.php\/wp-json\/wp\/v2\/product_tag?post=6623"}],"curies":[{"name":"wp","href":"https:\/\/api.w.org\/{rel}","templated":true}]}}