{"id":6619,"date":"2026-03-15T15:21:30","date_gmt":"2026-03-15T15:21:30","guid":{"rendered":"https:\/\/casadolivreiro.pt\/?post_type=product&#038;p=6619"},"modified":"2026-03-15T15:21:30","modified_gmt":"2026-03-15T15:21:30","slug":"a-reparacao-expiadora-autobiografia-e-outros-escritos-de-uma-alma-vitima-simao-de-xavier","status":"publish","type":"product","link":"https:\/\/casadolivreiro.pt\/index.php\/product\/a-reparacao-expiadora-autobiografia-e-outros-escritos-de-uma-alma-vitima-simao-de-xavier\/","title":{"rendered":"A REPARA\u00c7\u00c3O EXPIADORA: Autobiografia e outros escritos de uma alma v\u00edtima &#8211; Sim\u00e3o de Xavier"},"content":{"rendered":"<p>A REPARA\u00c7\u00c3O EXPIADORA: Autobiografia e outros escritos de uma alma v\u00edtima<\/p>\n<p>Sim\u00e3o de Xavier<\/p>\n<p>Ano de edi\u00e7\u00e3o: 1967<\/p>\n<p>Editor: Edi\u00e7\u00e3o das Reparadores Missionarias da Santa Face, Lisboa<\/p>\n<p>Idioma: Portugu\u00eas<\/p>\n<p>Dimens\u00f5es: 13.5 x 1.9 x 19cm<\/p>\n<p>Encaderna\u00e7\u00e3o: Capa mole<\/p>\n<p>P\u00e1ginas: 332<\/p>\n","protected":false},"excerpt":{"rendered":"<p>A REPARA\u00c7\u00c3O EXPIADORA: Autobiografia e outros escritos de uma alma v\u00edtima Sim\u00e3o de Xavier Ano de edi\u00e7\u00e3o: 1967 Editor: Edi\u00e7\u00e3o das Reparadores Missionarias da Santa Face, Lisboa Idioma: Portugu\u00eas Dimens\u00f5es: 13.5 x 1.9 x 19cm Encaderna\u00e7\u00e3o: Capa mole P\u00e1ginas: 332<\/p>\n","protected":false},"featured_media":6620,"comment_status":"open","ping_status":"closed","template":"","meta":{"om_disable_all_campaigns":false,"_monsterinsights_skip_tracking":false,"_monsterinsights_sitenote_active":false,"_monsterinsights_sitenote_note":"","_monsterinsights_sitenote_category":0,"_uf_show_specific_survey":0,"_uf_disable_surveys":false},"product_cat":[28,33,36],"product_tag":[],"aioseo_notices":[],"jetpack_sharing_enabled":true,"_links":{"self":[{"href":"https:\/\/casadolivreiro.pt\/index.php\/wp-json\/wp\/v2\/product\/6619"}],"collection":[{"href":"https:\/\/casadolivreiro.pt\/index.php\/wp-json\/wp\/v2\/product"}],"about":[{"href":"https:\/\/casadolivreiro.pt\/index.php\/wp-json\/wp\/v2\/types\/product"}],"replies":[{"embeddable":true,"href":"https:\/\/casadolivreiro.pt\/index.php\/wp-json\/wp\/v2\/comments?post=6619"}],"wp:featuredmedia":[{"embeddable":true,"href":"https:\/\/casadolivreiro.pt\/index.php\/wp-json\/wp\/v2\/media\/6620"}],"wp:attachment":[{"href":"https:\/\/casadolivreiro.pt\/index.php\/wp-json\/wp\/v2\/media?parent=6619"}],"wp:term":[{"taxonomy":"product_cat","embeddable":true,"href":"https:\/\/casadolivreiro.pt\/index.php\/wp-json\/wp\/v2\/product_cat?post=6619"},{"taxonomy":"product_tag","embeddable":true,"href":"https:\/\/casadolivreiro.pt\/index.php\/wp-json\/wp\/v2\/product_tag?post=6619"}],"curies":[{"name":"wp","href":"https:\/\/api.w.org\/{rel}","templated":true}]}}