{"id":6617,"date":"2026-03-15T15:19:04","date_gmt":"2026-03-15T15:19:04","guid":{"rendered":"https:\/\/casadolivreiro.pt\/?post_type=product&#038;p=6617"},"modified":"2026-03-15T15:19:04","modified_gmt":"2026-03-15T15:19:04","slug":"dentro-de-um-mes-dentro-de-um-ano-francoise-sagan","status":"publish","type":"product","link":"https:\/\/casadolivreiro.pt\/index.php\/product\/dentro-de-um-mes-dentro-de-um-ano-francoise-sagan\/","title":{"rendered":"DENTRO DE UM M\u00caS, DENTRO DE UM ANO &#8211; Fran\u00e7oise Sagan"},"content":{"rendered":"<p>DENTRO DE UM M\u00caS, DENTRO DE UM ANO<\/p>\n<p>Fran\u00e7oise Sagan<\/p>\n<p>Tradu\u00e7\u00e3o de Ana Mathilde Chaves<\/p>\n<p>Ano de edi\u00e7\u00e3o: 1959<\/p>\n<p>Editor: Difus\u00e3o Europ\u00e9ia do Livro, S\u00e3o Paulo<\/p>\n<p>Idioma: Portugu\u00eas<\/p>\n<p>Dimens\u00f5es: 13.5 x 1.2 x 18.5 cm<\/p>\n<p>Encaderna\u00e7\u00e3o: Capa mole<\/p>\n<p>P\u00e1ginas: 142<\/p>\n","protected":false},"excerpt":{"rendered":"<p>DENTRO DE UM M\u00caS, DENTRO DE UM ANO Fran\u00e7oise Sagan Tradu\u00e7\u00e3o de Ana Mathilde Chaves Ano de edi\u00e7\u00e3o: 1959 Editor: Difus\u00e3o Europ\u00e9ia do Livro, S\u00e3o Paulo Idioma: Portugu\u00eas Dimens\u00f5es: 13.5 x 1.2 x 18.5 cm Encaderna\u00e7\u00e3o: Capa mole P\u00e1ginas: 142<\/p>\n","protected":false},"featured_media":6618,"comment_status":"open","ping_status":"closed","template":"","meta":{"om_disable_all_campaigns":false,"_monsterinsights_skip_tracking":false,"_monsterinsights_sitenote_active":false,"_monsterinsights_sitenote_note":"","_monsterinsights_sitenote_category":0,"_uf_show_specific_survey":0,"_uf_disable_surveys":false},"product_cat":[26],"product_tag":[],"aioseo_notices":[],"jetpack_sharing_enabled":true,"_links":{"self":[{"href":"https:\/\/casadolivreiro.pt\/index.php\/wp-json\/wp\/v2\/product\/6617"}],"collection":[{"href":"https:\/\/casadolivreiro.pt\/index.php\/wp-json\/wp\/v2\/product"}],"about":[{"href":"https:\/\/casadolivreiro.pt\/index.php\/wp-json\/wp\/v2\/types\/product"}],"replies":[{"embeddable":true,"href":"https:\/\/casadolivreiro.pt\/index.php\/wp-json\/wp\/v2\/comments?post=6617"}],"wp:featuredmedia":[{"embeddable":true,"href":"https:\/\/casadolivreiro.pt\/index.php\/wp-json\/wp\/v2\/media\/6618"}],"wp:attachment":[{"href":"https:\/\/casadolivreiro.pt\/index.php\/wp-json\/wp\/v2\/media?parent=6617"}],"wp:term":[{"taxonomy":"product_cat","embeddable":true,"href":"https:\/\/casadolivreiro.pt\/index.php\/wp-json\/wp\/v2\/product_cat?post=6617"},{"taxonomy":"product_tag","embeddable":true,"href":"https:\/\/casadolivreiro.pt\/index.php\/wp-json\/wp\/v2\/product_tag?post=6617"}],"curies":[{"name":"wp","href":"https:\/\/api.w.org\/{rel}","templated":true}]}}