{"id":6613,"date":"2026-03-15T15:15:02","date_gmt":"2026-03-15T15:15:02","guid":{"rendered":"https:\/\/casadolivreiro.pt\/?post_type=product&#038;p=6613"},"modified":"2026-03-15T15:15:03","modified_gmt":"2026-03-15T15:15:03","slug":"iv-manual-da-lingua-portuguesa-jose-guerreiro-murta","status":"publish","type":"product","link":"https:\/\/casadolivreiro.pt\/index.php\/product\/iv-manual-da-lingua-portuguesa-jose-guerreiro-murta\/","title":{"rendered":"IV MANUAL DA L\u00cdNGUA PORTUGUESA &#8211; Jos\u00e9 Guerreiro Murta"},"content":{"rendered":"<p>IV MANUAL DA L\u00cdNGUA PORTUGUESA:<\/p>\n<p>Li\u00e7\u00f5es gram\u00e1ticas em di\u00e1logos. Regras ortogr\u00e1ficas, de harmonia com o acordo luso-brasileiro. Ensino Pr\u00e1tico da reda\u00e7\u00e3o. por&#8230; Colec\u00e7\u00e3o Estudar \u00e9 Saber. Biblioteca de Ensino ao Alcance de Todos.<\/p>\n<p>Jos\u00e9 Guerreiro Murta<\/p>\n<p>Ano de edi\u00e7\u00e3o: 1946 ( 4.\u00aa edi\u00e7\u00e3o)<\/p>\n<p>Editor: Livraria S\u00e1 da Costa, Lisboa<\/p>\n<p>Idioma: Portugu\u00eas<\/p>\n<p>Dimens\u00f5es: 12.5 x 1.9 x 19cm<\/p>\n<p>Encaderna\u00e7\u00e3o: Capa mole<\/p>\n<p>P\u00e1ginas: 392<\/p>\n","protected":false},"excerpt":{"rendered":"<p>IV MANUAL DA L\u00cdNGUA PORTUGUESA: Li\u00e7\u00f5es gram\u00e1ticas em di\u00e1logos. Regras ortogr\u00e1ficas, de harmonia com o acordo luso-brasileiro. Ensino Pr\u00e1tico da reda\u00e7\u00e3o. por&#8230; Colec\u00e7\u00e3o Estudar \u00e9 Saber. Biblioteca de Ensino ao Alcance de Todos. Jos\u00e9 Guerreiro Murta Ano de edi\u00e7\u00e3o: 1946 ( 4.\u00aa edi\u00e7\u00e3o) Editor: Livraria S\u00e1 da Costa, Lisboa Idioma: Portugu\u00eas Dimens\u00f5es: 12.5 x 1.9 [&hellip;]<\/p>\n","protected":false},"featured_media":6614,"comment_status":"open","ping_status":"closed","template":"","meta":{"om_disable_all_campaigns":false,"_monsterinsights_skip_tracking":false,"_monsterinsights_sitenote_active":false,"_monsterinsights_sitenote_note":"","_monsterinsights_sitenote_category":0,"_uf_show_specific_survey":0,"_uf_disable_surveys":false},"product_cat":[47,45,59],"product_tag":[],"aioseo_notices":[],"jetpack_sharing_enabled":true,"_links":{"self":[{"href":"https:\/\/casadolivreiro.pt\/index.php\/wp-json\/wp\/v2\/product\/6613"}],"collection":[{"href":"https:\/\/casadolivreiro.pt\/index.php\/wp-json\/wp\/v2\/product"}],"about":[{"href":"https:\/\/casadolivreiro.pt\/index.php\/wp-json\/wp\/v2\/types\/product"}],"replies":[{"embeddable":true,"href":"https:\/\/casadolivreiro.pt\/index.php\/wp-json\/wp\/v2\/comments?post=6613"}],"wp:featuredmedia":[{"embeddable":true,"href":"https:\/\/casadolivreiro.pt\/index.php\/wp-json\/wp\/v2\/media\/6614"}],"wp:attachment":[{"href":"https:\/\/casadolivreiro.pt\/index.php\/wp-json\/wp\/v2\/media?parent=6613"}],"wp:term":[{"taxonomy":"product_cat","embeddable":true,"href":"https:\/\/casadolivreiro.pt\/index.php\/wp-json\/wp\/v2\/product_cat?post=6613"},{"taxonomy":"product_tag","embeddable":true,"href":"https:\/\/casadolivreiro.pt\/index.php\/wp-json\/wp\/v2\/product_tag?post=6613"}],"curies":[{"name":"wp","href":"https:\/\/api.w.org\/{rel}","templated":true}]}}