{"id":660,"date":"2024-03-16T20:41:47","date_gmt":"2024-03-16T20:41:47","guid":{"rendered":"https:\/\/casadolivreiro.pt\/?post_type=product&#038;p=660"},"modified":"2024-03-16T20:41:47","modified_gmt":"2024-03-16T20:41:47","slug":"o-primeiro-sexo-jean-duche","status":"publish","type":"product","link":"https:\/\/casadolivreiro.pt\/index.php\/product\/o-primeiro-sexo-jean-duche\/","title":{"rendered":"O PRIMEIRO SEXO &#8211; Jean Duch\u00e9"},"content":{"rendered":"<p>O PRIMEIRO SEXO<br \/>\nJean Duch\u00e9<br \/>\nTradu\u00e7\u00e3o de Maria Manuela Daupi\u00e3s<br \/>\nAno de edi\u00e7\u00e3o: 1972 (?)<br \/>\nEditor: Portug\u00e1lia Editora ( Colec\u00e7\u00e3o Psicologia e pedagogia)<br \/>\nIdioma: Portugu\u00eas<br \/>\nDimens\u00f5es: 13 x 2.4 x 18 cm<br \/>\nEncaderna\u00e7\u00e3o: Capa mole<br \/>\nP\u00e1ginas: 429<\/p>\n","protected":false},"excerpt":{"rendered":"<p>O PRIMEIRO SEXO Jean Duch\u00e9 Tradu\u00e7\u00e3o de Maria Manuela Daupi\u00e3s Ano de edi\u00e7\u00e3o: 1972 (?) Editor: Portug\u00e1lia Editora ( Colec\u00e7\u00e3o Psicologia e pedagogia) Idioma: Portugu\u00eas Dimens\u00f5es: 13 x 2.4 x 18 cm Encaderna\u00e7\u00e3o: Capa mole P\u00e1ginas: 429<\/p>\n","protected":false},"featured_media":661,"comment_status":"open","ping_status":"closed","template":"","meta":{"om_disable_all_campaigns":false,"_monsterinsights_skip_tracking":false,"_monsterinsights_sitenote_active":false,"_monsterinsights_sitenote_note":"","_monsterinsights_sitenote_category":0,"_uf_show_specific_survey":0,"_uf_disable_surveys":false},"product_cat":[31,67],"product_tag":[],"aioseo_notices":[],"jetpack_sharing_enabled":true,"_links":{"self":[{"href":"https:\/\/casadolivreiro.pt\/index.php\/wp-json\/wp\/v2\/product\/660"}],"collection":[{"href":"https:\/\/casadolivreiro.pt\/index.php\/wp-json\/wp\/v2\/product"}],"about":[{"href":"https:\/\/casadolivreiro.pt\/index.php\/wp-json\/wp\/v2\/types\/product"}],"replies":[{"embeddable":true,"href":"https:\/\/casadolivreiro.pt\/index.php\/wp-json\/wp\/v2\/comments?post=660"}],"wp:featuredmedia":[{"embeddable":true,"href":"https:\/\/casadolivreiro.pt\/index.php\/wp-json\/wp\/v2\/media\/661"}],"wp:attachment":[{"href":"https:\/\/casadolivreiro.pt\/index.php\/wp-json\/wp\/v2\/media?parent=660"}],"wp:term":[{"taxonomy":"product_cat","embeddable":true,"href":"https:\/\/casadolivreiro.pt\/index.php\/wp-json\/wp\/v2\/product_cat?post=660"},{"taxonomy":"product_tag","embeddable":true,"href":"https:\/\/casadolivreiro.pt\/index.php\/wp-json\/wp\/v2\/product_tag?post=660"}],"curies":[{"name":"wp","href":"https:\/\/api.w.org\/{rel}","templated":true}]}}