{"id":6581,"date":"2026-03-03T16:03:28","date_gmt":"2026-03-03T16:03:28","guid":{"rendered":"https:\/\/casadolivreiro.pt\/?post_type=product&#038;p=6581"},"modified":"2026-03-03T16:03:28","modified_gmt":"2026-03-03T16:03:28","slug":"the-mpeg-4-book-fernando-pereira-and-touradj-ebrahimi","status":"publish","type":"product","link":"https:\/\/casadolivreiro.pt\/index.php\/product\/the-mpeg-4-book-fernando-pereira-and-touradj-ebrahimi\/","title":{"rendered":"THE MPEG-4 BOOK &#8211; Fernando Pereira and Touradj Ebrahimi"},"content":{"rendered":"<p>THE MPEG-4 BOOK<\/p>\n<p>Fernando Pereira and Touradj Ebrahimi<\/p>\n<p>Ano de edi\u00e7\u00e3o: 2002<\/p>\n<p>Editor: Prentice-Hall, Inc., USA<\/p>\n<p>Idioma: Ingl\u00eas<\/p>\n<p>Dimens\u00f5es: 18cm x 4.0cm x24.2cm<\/p>\n<p>Encaderna\u00e7\u00e3o: Capa dura<\/p>\n<p>P\u00e1ginas: 849<\/p>\n","protected":false},"excerpt":{"rendered":"<p>THE MPEG-4 BOOK Fernando Pereira and Touradj Ebrahimi Ano de edi\u00e7\u00e3o: 2002 Editor: Prentice-Hall, Inc., USA Idioma: Ingl\u00eas Dimens\u00f5es: 18cm x 4.0cm x24.2cm Encaderna\u00e7\u00e3o: Capa dura P\u00e1ginas: 849<\/p>\n","protected":false},"featured_media":6583,"comment_status":"open","ping_status":"closed","template":"","meta":{"om_disable_all_campaigns":false,"_monsterinsights_skip_tracking":false,"_monsterinsights_sitenote_active":false,"_monsterinsights_sitenote_note":"","_monsterinsights_sitenote_category":0,"_uf_show_specific_survey":0,"_uf_disable_surveys":false},"product_cat":[32,47,48,55,66],"product_tag":[],"aioseo_notices":[],"jetpack_sharing_enabled":true,"_links":{"self":[{"href":"https:\/\/casadolivreiro.pt\/index.php\/wp-json\/wp\/v2\/product\/6581"}],"collection":[{"href":"https:\/\/casadolivreiro.pt\/index.php\/wp-json\/wp\/v2\/product"}],"about":[{"href":"https:\/\/casadolivreiro.pt\/index.php\/wp-json\/wp\/v2\/types\/product"}],"replies":[{"embeddable":true,"href":"https:\/\/casadolivreiro.pt\/index.php\/wp-json\/wp\/v2\/comments?post=6581"}],"wp:featuredmedia":[{"embeddable":true,"href":"https:\/\/casadolivreiro.pt\/index.php\/wp-json\/wp\/v2\/media\/6583"}],"wp:attachment":[{"href":"https:\/\/casadolivreiro.pt\/index.php\/wp-json\/wp\/v2\/media?parent=6581"}],"wp:term":[{"taxonomy":"product_cat","embeddable":true,"href":"https:\/\/casadolivreiro.pt\/index.php\/wp-json\/wp\/v2\/product_cat?post=6581"},{"taxonomy":"product_tag","embeddable":true,"href":"https:\/\/casadolivreiro.pt\/index.php\/wp-json\/wp\/v2\/product_tag?post=6581"}],"curies":[{"name":"wp","href":"https:\/\/api.w.org\/{rel}","templated":true}]}}