{"id":6578,"date":"2026-03-03T15:55:46","date_gmt":"2026-03-03T15:55:46","guid":{"rendered":"https:\/\/casadolivreiro.pt\/?post_type=product&#038;p=6578"},"modified":"2026-03-03T15:55:47","modified_gmt":"2026-03-03T15:55:47","slug":"a-history-of-english-literature-650-1940-emile-legouis-louis-cazamian","status":"publish","type":"product","link":"https:\/\/casadolivreiro.pt\/index.php\/product\/a-history-of-english-literature-650-1940-emile-legouis-louis-cazamian\/","title":{"rendered":"A HISTORY OF ENGLISH LITERATURE 650-1940 &#8211; Emile Legouis &#038; Louis Cazamian"},"content":{"rendered":"<p>A HISTORY OF ENGLISH LITERATURE 650-1940 &#8211; Emile Legouis &amp; Louis Cazamian<\/p>\n<p>Ano de edi\u00e7\u00e3o: 1940<\/p>\n<p>Editor: J.M. Dent &amp; Sons Ltd. London<\/p>\n<p>Idioma: Ingl\u00eas<\/p>\n<p>Dimens\u00f5es: 12.5 x 4.2 x 19.8cm<\/p>\n<p>Encaderna\u00e7\u00e3o: Capa dura<\/p>\n<p>P\u00e1ginas: 1395<\/p>\n","protected":false},"excerpt":{"rendered":"<p>A HISTORY OF ENGLISH LITERATURE 650-1940 &#8211; Emile Legouis &amp; Louis Cazamian Ano de edi\u00e7\u00e3o: 1940 Editor: J.M. Dent &amp; Sons Ltd. London Idioma: Ingl\u00eas Dimens\u00f5es: 12.5 x 4.2 x 19.8cm Encaderna\u00e7\u00e3o: Capa dura P\u00e1ginas: 1395<\/p>\n","protected":false},"featured_media":6579,"comment_status":"open","ping_status":"closed","template":"","meta":{"om_disable_all_campaigns":false,"_monsterinsights_skip_tracking":false,"_monsterinsights_sitenote_active":false,"_monsterinsights_sitenote_note":"","_monsterinsights_sitenote_category":0,"_uf_show_specific_survey":0,"_uf_disable_surveys":false},"product_cat":[31,47,30,55],"product_tag":[],"aioseo_notices":[],"jetpack_sharing_enabled":true,"_links":{"self":[{"href":"https:\/\/casadolivreiro.pt\/index.php\/wp-json\/wp\/v2\/product\/6578"}],"collection":[{"href":"https:\/\/casadolivreiro.pt\/index.php\/wp-json\/wp\/v2\/product"}],"about":[{"href":"https:\/\/casadolivreiro.pt\/index.php\/wp-json\/wp\/v2\/types\/product"}],"replies":[{"embeddable":true,"href":"https:\/\/casadolivreiro.pt\/index.php\/wp-json\/wp\/v2\/comments?post=6578"}],"wp:featuredmedia":[{"embeddable":true,"href":"https:\/\/casadolivreiro.pt\/index.php\/wp-json\/wp\/v2\/media\/6579"}],"wp:attachment":[{"href":"https:\/\/casadolivreiro.pt\/index.php\/wp-json\/wp\/v2\/media?parent=6578"}],"wp:term":[{"taxonomy":"product_cat","embeddable":true,"href":"https:\/\/casadolivreiro.pt\/index.php\/wp-json\/wp\/v2\/product_cat?post=6578"},{"taxonomy":"product_tag","embeddable":true,"href":"https:\/\/casadolivreiro.pt\/index.php\/wp-json\/wp\/v2\/product_tag?post=6578"}],"curies":[{"name":"wp","href":"https:\/\/api.w.org\/{rel}","templated":true}]}}