{"id":6576,"date":"2026-03-03T15:47:01","date_gmt":"2026-03-03T15:47:01","guid":{"rendered":"https:\/\/casadolivreiro.pt\/?post_type=product&#038;p=6576"},"modified":"2026-03-03T15:47:02","modified_gmt":"2026-03-03T15:47:02","slug":"intelligence-de-la-publicite-etude-semiotique-georges-peninou","status":"publish","type":"product","link":"https:\/\/casadolivreiro.pt\/index.php\/product\/intelligence-de-la-publicite-etude-semiotique-georges-peninou\/","title":{"rendered":"INTELLIGENCE DE LA PUBLICIT\u00c9: \u00c9TUDE S\u00c9MIOTIQUE &#8211; Georges P\u00e9ninou"},"content":{"rendered":"<p>INTELLIGENCE DE LA PUBLICIT\u00c9: \u00c9TUDE S\u00c9MIOTIQUE &#8211; Georges P\u00e9ninou<\/p>\n<p>Ano de edi\u00e7\u00e3o: 1972<\/p>\n<p>Editor: Editions Robert Laffont, Paris<\/p>\n<p>Idioma: Franc\u00eas<\/p>\n<p>Dimens\u00f5es: 13.5cm x 2.2cm x 21.4cm<\/p>\n<p>Encaderna\u00e7\u00e3o: Capa mole<\/p>\n<p>P\u00e1ginas: 300<\/p>\n","protected":false},"excerpt":{"rendered":"<p>INTELLIGENCE DE LA PUBLICIT\u00c9: \u00c9TUDE S\u00c9MIOTIQUE &#8211; Georges P\u00e9ninou Ano de edi\u00e7\u00e3o: 1972 Editor: Editions Robert Laffont, Paris Idioma: Franc\u00eas Dimens\u00f5es: 13.5cm x 2.2cm x 21.4cm Encaderna\u00e7\u00e3o: Capa mole P\u00e1ginas: 300<\/p>\n","protected":false},"featured_media":6577,"comment_status":"open","ping_status":"closed","template":"","meta":{"om_disable_all_campaigns":false,"_monsterinsights_skip_tracking":false,"_monsterinsights_sitenote_active":false,"_monsterinsights_sitenote_note":"","_monsterinsights_sitenote_category":0,"_uf_show_specific_survey":0,"_uf_disable_surveys":false},"product_cat":[31,41,47,29,56,59],"product_tag":[],"aioseo_notices":[],"jetpack_sharing_enabled":true,"_links":{"self":[{"href":"https:\/\/casadolivreiro.pt\/index.php\/wp-json\/wp\/v2\/product\/6576"}],"collection":[{"href":"https:\/\/casadolivreiro.pt\/index.php\/wp-json\/wp\/v2\/product"}],"about":[{"href":"https:\/\/casadolivreiro.pt\/index.php\/wp-json\/wp\/v2\/types\/product"}],"replies":[{"embeddable":true,"href":"https:\/\/casadolivreiro.pt\/index.php\/wp-json\/wp\/v2\/comments?post=6576"}],"wp:featuredmedia":[{"embeddable":true,"href":"https:\/\/casadolivreiro.pt\/index.php\/wp-json\/wp\/v2\/media\/6577"}],"wp:attachment":[{"href":"https:\/\/casadolivreiro.pt\/index.php\/wp-json\/wp\/v2\/media?parent=6576"}],"wp:term":[{"taxonomy":"product_cat","embeddable":true,"href":"https:\/\/casadolivreiro.pt\/index.php\/wp-json\/wp\/v2\/product_cat?post=6576"},{"taxonomy":"product_tag","embeddable":true,"href":"https:\/\/casadolivreiro.pt\/index.php\/wp-json\/wp\/v2\/product_tag?post=6576"}],"curies":[{"name":"wp","href":"https:\/\/api.w.org\/{rel}","templated":true}]}}