{"id":6570,"date":"2026-03-03T15:32:03","date_gmt":"2026-03-03T15:32:03","guid":{"rendered":"https:\/\/casadolivreiro.pt\/?post_type=product&#038;p=6570"},"modified":"2026-03-03T15:32:07","modified_gmt":"2026-03-03T15:32:07","slug":"medicamentos-especializados-e-produtos-quimicos-medicinais-vol-1-e-vol-2-comissao-reguladora-dos-produtos-quimicos-e-farmaceuticos","status":"publish","type":"product","link":"https:\/\/casadolivreiro.pt\/index.php\/product\/medicamentos-especializados-e-produtos-quimicos-medicinais-vol-1-e-vol-2-comissao-reguladora-dos-produtos-quimicos-e-farmaceuticos\/","title":{"rendered":"MEDICAMENTOS ESPECIALIZADOS E PRODUTOS QU\u00cdMICOS MEDICINAIS, Vol. 1 e Vol. 2 &#8211; Comiss\u00e3o Reguladora dos Produtos Qu\u00edmicos e Farmac\u00eauticos"},"content":{"rendered":"<p>MEDICAMENTOS ESPECIALIZADOS E PRODUTOS QU\u00cdMICOS MEDICINAIS, Vol. 1 e Vol. 2<\/p>\n<p>Comiss\u00e3o Reguladora dos Produtos Qu\u00edmicos e Farmac\u00eauticos<\/p>\n<p>Ano de edi\u00e7\u00e3o: 1956<\/p>\n<p>Editor: Comiss\u00e3o Reguladora dos Produtos Qu\u00edmicos e Farmac\u00eauticos<\/p>\n<p>Idioma: Portugu\u00eas<\/p>\n<p>Dimens\u00f5es: 19 x 3 x 24 cm<\/p>\n<p>Encaderna\u00e7\u00e3o: Capa mole<\/p>\n<p>P\u00e1ginas: 198 + 422<\/p>\n","protected":false},"excerpt":{"rendered":"<p>MEDICAMENTOS ESPECIALIZADOS E PRODUTOS QU\u00cdMICOS MEDICINAIS, Vol. 1 e Vol. 2 Comiss\u00e3o Reguladora dos Produtos Qu\u00edmicos e Farmac\u00eauticos Ano de edi\u00e7\u00e3o: 1956 Editor: Comiss\u00e3o Reguladora dos Produtos Qu\u00edmicos e Farmac\u00eauticos Idioma: Portugu\u00eas Dimens\u00f5es: 19 x 3 x 24 cm Encaderna\u00e7\u00e3o: Capa mole P\u00e1ginas: 198 + 422<\/p>\n","protected":false},"featured_media":6571,"comment_status":"open","ping_status":"closed","template":"","meta":{"om_disable_all_campaigns":false,"_monsterinsights_skip_tracking":false,"_monsterinsights_sitenote_active":false,"_monsterinsights_sitenote_note":"","_monsterinsights_sitenote_category":0,"_uf_show_specific_survey":0,"_uf_disable_surveys":false},"product_cat":[32,43],"product_tag":[],"aioseo_notices":[],"jetpack_sharing_enabled":true,"_links":{"self":[{"href":"https:\/\/casadolivreiro.pt\/index.php\/wp-json\/wp\/v2\/product\/6570"}],"collection":[{"href":"https:\/\/casadolivreiro.pt\/index.php\/wp-json\/wp\/v2\/product"}],"about":[{"href":"https:\/\/casadolivreiro.pt\/index.php\/wp-json\/wp\/v2\/types\/product"}],"replies":[{"embeddable":true,"href":"https:\/\/casadolivreiro.pt\/index.php\/wp-json\/wp\/v2\/comments?post=6570"}],"wp:featuredmedia":[{"embeddable":true,"href":"https:\/\/casadolivreiro.pt\/index.php\/wp-json\/wp\/v2\/media\/6571"}],"wp:attachment":[{"href":"https:\/\/casadolivreiro.pt\/index.php\/wp-json\/wp\/v2\/media?parent=6570"}],"wp:term":[{"taxonomy":"product_cat","embeddable":true,"href":"https:\/\/casadolivreiro.pt\/index.php\/wp-json\/wp\/v2\/product_cat?post=6570"},{"taxonomy":"product_tag","embeddable":true,"href":"https:\/\/casadolivreiro.pt\/index.php\/wp-json\/wp\/v2\/product_tag?post=6570"}],"curies":[{"name":"wp","href":"https:\/\/api.w.org\/{rel}","templated":true}]}}