{"id":6568,"date":"2026-03-03T15:29:05","date_gmt":"2026-03-03T15:29:05","guid":{"rendered":"https:\/\/casadolivreiro.pt\/?post_type=product&#038;p=6568"},"modified":"2026-03-03T15:29:05","modified_gmt":"2026-03-03T15:29:05","slug":"counterpoint-based-on-eighteenth-century-practice-kent-wheeler-kennan","status":"publish","type":"product","link":"https:\/\/casadolivreiro.pt\/index.php\/product\/counterpoint-based-on-eighteenth-century-practice-kent-wheeler-kennan\/","title":{"rendered":"COUNTERPOINT: Based on Eighteenth-Century Practice &#8211; Kent Wheeler Kennan"},"content":{"rendered":"<p>COUNTERPOINT: Based on Eighteenth-Century Practice<\/p>\n<p>Kent Wheeler Kennan<\/p>\n<p>Ano de edi\u00e7\u00e3o: 1972<\/p>\n<p>Editor: Prentice-Hall, Inc., USA<\/p>\n<p>Idioma: Ingl\u00eas<\/p>\n<p>Dimens\u00f5es: 15 x 2 x 23.5 cm<\/p>\n<p>Encaderna\u00e7\u00e3o: Capa dura<\/p>\n<p>P\u00e1ginas: 289<\/p>\n","protected":false},"excerpt":{"rendered":"<p>COUNTERPOINT: Based on Eighteenth-Century Practice Kent Wheeler Kennan Ano de edi\u00e7\u00e3o: 1972 Editor: Prentice-Hall, Inc., USA Idioma: Ingl\u00eas Dimens\u00f5es: 15 x 2 x 23.5 cm Encaderna\u00e7\u00e3o: Capa dura P\u00e1ginas: 289<\/p>\n","protected":false},"featured_media":6569,"comment_status":"open","ping_status":"closed","template":"","meta":{"om_disable_all_campaigns":false,"_monsterinsights_skip_tracking":false,"_monsterinsights_sitenote_active":false,"_monsterinsights_sitenote_note":"","_monsterinsights_sitenote_category":0,"_uf_show_specific_survey":0,"_uf_disable_surveys":false},"product_cat":[24,47,55],"product_tag":[],"aioseo_notices":[],"jetpack_sharing_enabled":true,"_links":{"self":[{"href":"https:\/\/casadolivreiro.pt\/index.php\/wp-json\/wp\/v2\/product\/6568"}],"collection":[{"href":"https:\/\/casadolivreiro.pt\/index.php\/wp-json\/wp\/v2\/product"}],"about":[{"href":"https:\/\/casadolivreiro.pt\/index.php\/wp-json\/wp\/v2\/types\/product"}],"replies":[{"embeddable":true,"href":"https:\/\/casadolivreiro.pt\/index.php\/wp-json\/wp\/v2\/comments?post=6568"}],"wp:featuredmedia":[{"embeddable":true,"href":"https:\/\/casadolivreiro.pt\/index.php\/wp-json\/wp\/v2\/media\/6569"}],"wp:attachment":[{"href":"https:\/\/casadolivreiro.pt\/index.php\/wp-json\/wp\/v2\/media?parent=6568"}],"wp:term":[{"taxonomy":"product_cat","embeddable":true,"href":"https:\/\/casadolivreiro.pt\/index.php\/wp-json\/wp\/v2\/product_cat?post=6568"},{"taxonomy":"product_tag","embeddable":true,"href":"https:\/\/casadolivreiro.pt\/index.php\/wp-json\/wp\/v2\/product_tag?post=6568"}],"curies":[{"name":"wp","href":"https:\/\/api.w.org\/{rel}","templated":true}]}}