{"id":6564,"date":"2026-03-03T15:23:38","date_gmt":"2026-03-03T15:23:38","guid":{"rendered":"https:\/\/casadolivreiro.pt\/?post_type=product&#038;p=6564"},"modified":"2026-03-03T15:23:38","modified_gmt":"2026-03-03T15:23:38","slug":"tempete-a-washington-titans-advise-and-consent-allen-drury","status":"publish","type":"product","link":"https:\/\/casadolivreiro.pt\/index.php\/product\/tempete-a-washington-titans-advise-and-consent-allen-drury\/","title":{"rendered":"TEMPETE A WASHINGTON: TITANS (Advise and Consent) Allen Drury"},"content":{"rendered":"<p>TEMPETE A WASHINGTON: TITANS (Advise and Consent)<\/p>\n<p>Allen Drury<\/p>\n<p>Tradu\u00e7\u00e3o de Micheline Barrault<\/p>\n<p>Ano de edi\u00e7\u00e3o: 1960<\/p>\n<p>Editor: Ren\u00e9 Julliard, Paris<\/p>\n<p>Idioma: Franc\u00eas<\/p>\n<p>Dimens\u00f5es: 14.5 x 5.8 x 22.5 cm<\/p>\n<p>Encaderna\u00e7\u00e3o: Capa mole<\/p>\n<p>P\u00e1ginas: 845<\/p>\n","protected":false},"excerpt":{"rendered":"<p>TEMPETE A WASHINGTON: TITANS (Advise and Consent) Allen Drury Tradu\u00e7\u00e3o de Micheline Barrault Ano de edi\u00e7\u00e3o: 1960 Editor: Ren\u00e9 Julliard, Paris Idioma: Franc\u00eas Dimens\u00f5es: 14.5 x 5.8 x 22.5 cm Encaderna\u00e7\u00e3o: Capa mole P\u00e1ginas: 845<\/p>\n","protected":false},"featured_media":6565,"comment_status":"open","ping_status":"closed","template":"","meta":{"om_disable_all_campaigns":false,"_monsterinsights_skip_tracking":false,"_monsterinsights_sitenote_active":false,"_monsterinsights_sitenote_note":"","_monsterinsights_sitenote_category":0,"_uf_show_specific_survey":0,"_uf_disable_surveys":false},"product_cat":[56,62,51],"product_tag":[],"aioseo_notices":[],"jetpack_sharing_enabled":true,"_links":{"self":[{"href":"https:\/\/casadolivreiro.pt\/index.php\/wp-json\/wp\/v2\/product\/6564"}],"collection":[{"href":"https:\/\/casadolivreiro.pt\/index.php\/wp-json\/wp\/v2\/product"}],"about":[{"href":"https:\/\/casadolivreiro.pt\/index.php\/wp-json\/wp\/v2\/types\/product"}],"replies":[{"embeddable":true,"href":"https:\/\/casadolivreiro.pt\/index.php\/wp-json\/wp\/v2\/comments?post=6564"}],"wp:featuredmedia":[{"embeddable":true,"href":"https:\/\/casadolivreiro.pt\/index.php\/wp-json\/wp\/v2\/media\/6565"}],"wp:attachment":[{"href":"https:\/\/casadolivreiro.pt\/index.php\/wp-json\/wp\/v2\/media?parent=6564"}],"wp:term":[{"taxonomy":"product_cat","embeddable":true,"href":"https:\/\/casadolivreiro.pt\/index.php\/wp-json\/wp\/v2\/product_cat?post=6564"},{"taxonomy":"product_tag","embeddable":true,"href":"https:\/\/casadolivreiro.pt\/index.php\/wp-json\/wp\/v2\/product_tag?post=6564"}],"curies":[{"name":"wp","href":"https:\/\/api.w.org\/{rel}","templated":true}]}}