{"id":6552,"date":"2026-03-03T15:03:13","date_gmt":"2026-03-03T15:03:13","guid":{"rendered":"https:\/\/casadolivreiro.pt\/?post_type=product&#038;p=6552"},"modified":"2026-03-03T15:03:14","modified_gmt":"2026-03-03T15:03:14","slug":"poemas-do-tempo-disperso-augusto-cerveira-baptista","status":"publish","type":"product","link":"https:\/\/casadolivreiro.pt\/index.php\/product\/poemas-do-tempo-disperso-augusto-cerveira-baptista\/","title":{"rendered":"POEMAS DO TEMPO DISPERSO &#8211; Augusto Cerveira Baptista"},"content":{"rendered":"<p>POEMAS DO TEMPO DISPERSO<\/p>\n<p>Augusto Cerveira Baptista<\/p>\n<p>Ano de edi\u00e7\u00e3o: 1969<\/p>\n<p>Editor: Editora Pax, Braga<\/p>\n<p>Idioma: Portugu\u00eas<\/p>\n<p>Dimens\u00f5es: 15 x 1 x 21 cm<\/p>\n<p>Encaderna\u00e7\u00e3o: Capa mole<\/p>\n<p>P\u00e1ginas: 140<\/p>\n","protected":false},"excerpt":{"rendered":"<p>POEMAS DO TEMPO DISPERSO Augusto Cerveira Baptista Ano de edi\u00e7\u00e3o: 1969 Editor: Editora Pax, Braga Idioma: Portugu\u00eas Dimens\u00f5es: 15 x 1 x 21 cm Encaderna\u00e7\u00e3o: Capa mole P\u00e1ginas: 140<\/p>\n","protected":false},"featured_media":6553,"comment_status":"open","ping_status":"closed","template":"","meta":{"om_disable_all_campaigns":false,"_monsterinsights_skip_tracking":false,"_monsterinsights_sitenote_active":false,"_monsterinsights_sitenote_note":"","_monsterinsights_sitenote_category":0,"_uf_show_specific_survey":0,"_uf_disable_surveys":false},"product_cat":[25,27],"product_tag":[],"aioseo_notices":[],"jetpack_sharing_enabled":true,"_links":{"self":[{"href":"https:\/\/casadolivreiro.pt\/index.php\/wp-json\/wp\/v2\/product\/6552"}],"collection":[{"href":"https:\/\/casadolivreiro.pt\/index.php\/wp-json\/wp\/v2\/product"}],"about":[{"href":"https:\/\/casadolivreiro.pt\/index.php\/wp-json\/wp\/v2\/types\/product"}],"replies":[{"embeddable":true,"href":"https:\/\/casadolivreiro.pt\/index.php\/wp-json\/wp\/v2\/comments?post=6552"}],"wp:featuredmedia":[{"embeddable":true,"href":"https:\/\/casadolivreiro.pt\/index.php\/wp-json\/wp\/v2\/media\/6553"}],"wp:attachment":[{"href":"https:\/\/casadolivreiro.pt\/index.php\/wp-json\/wp\/v2\/media?parent=6552"}],"wp:term":[{"taxonomy":"product_cat","embeddable":true,"href":"https:\/\/casadolivreiro.pt\/index.php\/wp-json\/wp\/v2\/product_cat?post=6552"},{"taxonomy":"product_tag","embeddable":true,"href":"https:\/\/casadolivreiro.pt\/index.php\/wp-json\/wp\/v2\/product_tag?post=6552"}],"curies":[{"name":"wp","href":"https:\/\/api.w.org\/{rel}","templated":true}]}}