{"id":6537,"date":"2026-03-01T19:08:09","date_gmt":"2026-03-01T19:08:09","guid":{"rendered":"https:\/\/casadolivreiro.pt\/?post_type=product&#038;p=6537"},"modified":"2026-03-01T19:08:10","modified_gmt":"2026-03-01T19:08:10","slug":"camilo-compreendido-sua-vida-e-suas-obras-seus-impulsos-para-o-incesto-e-o-matricido-tomo-ii-gondin-da-fonseca","status":"publish","type":"product","link":"https:\/\/casadolivreiro.pt\/index.php\/product\/camilo-compreendido-sua-vida-e-suas-obras-seus-impulsos-para-o-incesto-e-o-matricido-tomo-ii-gondin-da-fonseca\/","title":{"rendered":"CAMILO COMPREENDIDO Sua vida e suas obras, Seus impulsos para o incesto e o matric\u00eddo, TOMO II &#8211; Gondin da Fonseca"},"content":{"rendered":"<p>CAMILO COMPREENDIDO Sua vida e suas obras, Seus impulsos para o incesto e o matric\u00eddo, TOMO II<\/p>\n<p>Gondin da Fonseca<\/p>\n<p>Ano de edi\u00e7\u00e3o: 1953<\/p>\n<p>Editor: Livraria Martins Edit\u00f4ra, S\u00e3o Paulo<\/p>\n<p>Idioma: Portugu\u00eas<\/p>\n<p>Dimens\u00f5es: 23 x 2.5 x 28.7cm<\/p>\n<p>Encaderna\u00e7\u00e3o: Capa mole<\/p>\n<p>P\u00e1ginas: 221<\/p>\n","protected":false},"excerpt":{"rendered":"<p>CAMILO COMPREENDIDO Sua vida e suas obras, Seus impulsos para o incesto e o matric\u00eddo, TOMO II Gondin da Fonseca Ano de edi\u00e7\u00e3o: 1953 Editor: Livraria Martins Edit\u00f4ra, S\u00e3o Paulo Idioma: Portugu\u00eas Dimens\u00f5es: 23 x 2.5 x 28.7cm Encaderna\u00e7\u00e3o: Capa mole P\u00e1ginas: 221<\/p>\n","protected":false},"featured_media":6538,"comment_status":"open","ping_status":"closed","template":"","meta":{"om_disable_all_campaigns":false,"_monsterinsights_skip_tracking":false,"_monsterinsights_sitenote_active":false,"_monsterinsights_sitenote_note":"","_monsterinsights_sitenote_category":0,"_uf_show_specific_survey":0,"_uf_disable_surveys":false},"product_cat":[28,31,47,25,59],"product_tag":[],"aioseo_notices":[],"jetpack_sharing_enabled":true,"_links":{"self":[{"href":"https:\/\/casadolivreiro.pt\/index.php\/wp-json\/wp\/v2\/product\/6537"}],"collection":[{"href":"https:\/\/casadolivreiro.pt\/index.php\/wp-json\/wp\/v2\/product"}],"about":[{"href":"https:\/\/casadolivreiro.pt\/index.php\/wp-json\/wp\/v2\/types\/product"}],"replies":[{"embeddable":true,"href":"https:\/\/casadolivreiro.pt\/index.php\/wp-json\/wp\/v2\/comments?post=6537"}],"wp:featuredmedia":[{"embeddable":true,"href":"https:\/\/casadolivreiro.pt\/index.php\/wp-json\/wp\/v2\/media\/6538"}],"wp:attachment":[{"href":"https:\/\/casadolivreiro.pt\/index.php\/wp-json\/wp\/v2\/media?parent=6537"}],"wp:term":[{"taxonomy":"product_cat","embeddable":true,"href":"https:\/\/casadolivreiro.pt\/index.php\/wp-json\/wp\/v2\/product_cat?post=6537"},{"taxonomy":"product_tag","embeddable":true,"href":"https:\/\/casadolivreiro.pt\/index.php\/wp-json\/wp\/v2\/product_tag?post=6537"}],"curies":[{"name":"wp","href":"https:\/\/api.w.org\/{rel}","templated":true}]}}