{"id":6530,"date":"2026-03-01T17:37:02","date_gmt":"2026-03-01T17:37:02","guid":{"rendered":"https:\/\/casadolivreiro.pt\/?post_type=product&#038;p=6530"},"modified":"2026-03-01T17:37:02","modified_gmt":"2026-03-01T17:37:02","slug":"delestre-40-ans-de-dessins-preface-de-cabu","status":"publish","type":"product","link":"https:\/\/casadolivreiro.pt\/index.php\/product\/delestre-40-ans-de-dessins-preface-de-cabu\/","title":{"rendered":"DELESTRE 40 ANS DE DESSINS &#8211; Pr\u00e9face de Cabu"},"content":{"rendered":"<p>DELESTRE 40 ANS DE DESSINS<\/p>\n<p>Pr\u00e9face de Cabu<\/p>\n<p>Ano de edi\u00e7\u00e3o: 2009\u00a0 (Autografado)<\/p>\n<p>Editor: Editions Place Stanislas, Paris<\/p>\n<p>Idioma: Franc\u00eas<\/p>\n<p>Dimens\u00f5es: 24.7 x 1.9 x 24.7<\/p>\n<p>Encaderna\u00e7\u00e3o: Capa dura<\/p>\n<p>P\u00e1ginas: 190<\/p>\n","protected":false},"excerpt":{"rendered":"<p>DELESTRE 40 ANS DE DESSINS Pr\u00e9face de Cabu Ano de edi\u00e7\u00e3o: 2009\u00a0 (Autografado) Editor: Editions Place Stanislas, Paris Idioma: Franc\u00eas Dimens\u00f5es: 24.7 x 1.9 x 24.7 Encaderna\u00e7\u00e3o: Capa dura P\u00e1ginas: 190<\/p>\n","protected":false},"featured_media":6531,"comment_status":"open","ping_status":"closed","template":"","meta":{"om_disable_all_campaigns":false,"_monsterinsights_skip_tracking":false,"_monsterinsights_sitenote_active":false,"_monsterinsights_sitenote_note":"","_monsterinsights_sitenote_category":0,"_uf_show_specific_survey":0,"_uf_disable_surveys":false},"product_cat":[24,35,28,56],"product_tag":[],"aioseo_notices":[],"jetpack_sharing_enabled":true,"_links":{"self":[{"href":"https:\/\/casadolivreiro.pt\/index.php\/wp-json\/wp\/v2\/product\/6530"}],"collection":[{"href":"https:\/\/casadolivreiro.pt\/index.php\/wp-json\/wp\/v2\/product"}],"about":[{"href":"https:\/\/casadolivreiro.pt\/index.php\/wp-json\/wp\/v2\/types\/product"}],"replies":[{"embeddable":true,"href":"https:\/\/casadolivreiro.pt\/index.php\/wp-json\/wp\/v2\/comments?post=6530"}],"wp:featuredmedia":[{"embeddable":true,"href":"https:\/\/casadolivreiro.pt\/index.php\/wp-json\/wp\/v2\/media\/6531"}],"wp:attachment":[{"href":"https:\/\/casadolivreiro.pt\/index.php\/wp-json\/wp\/v2\/media?parent=6530"}],"wp:term":[{"taxonomy":"product_cat","embeddable":true,"href":"https:\/\/casadolivreiro.pt\/index.php\/wp-json\/wp\/v2\/product_cat?post=6530"},{"taxonomy":"product_tag","embeddable":true,"href":"https:\/\/casadolivreiro.pt\/index.php\/wp-json\/wp\/v2\/product_tag?post=6530"}],"curies":[{"name":"wp","href":"https:\/\/api.w.org\/{rel}","templated":true}]}}