{"id":6523,"date":"2026-03-01T17:21:25","date_gmt":"2026-03-01T17:21:25","guid":{"rendered":"https:\/\/casadolivreiro.pt\/?post_type=product&#038;p=6523"},"modified":"2026-03-01T17:21:26","modified_gmt":"2026-03-01T17:21:26","slug":"ce-nest-pas-fini-no-se-acabo-claude-schnaidt","status":"publish","type":"product","link":"https:\/\/casadolivreiro.pt\/index.php\/product\/ce-nest-pas-fini-no-se-acabo-claude-schnaidt\/","title":{"rendered":"CE N\u2019EST PAS FINI \u2013 NO SE ACAB\u00d3 &#8211; Claude Schnaidt"},"content":{"rendered":"<p>Published by \u00c9cole d&#8217;architecture Paris-Villemin and Instituto Superior Polit\u00e9cnico Jos\u00e9 Antonio Echeverria in 1999.<\/p>\n<p>Lectures given by the author at the\u00a0Instituto Superior Polit\u00e9cnico Jos\u00e9 Antonio Echeverria in Havana ( Cuba) between 1991 &#8211; 1997<\/p>\n<p>Language: French\u00a0 and Spanish bilingual<\/p>\n<p>Paperback: 100 pages<\/p>\n<p>Dimensions: 21 x 0.8 x 29.6cm<\/p>\n","protected":false},"excerpt":{"rendered":"<p>Published by \u00c9cole d&#8217;architecture Paris-Villemin and Instituto Superior Polit\u00e9cnico Jos\u00e9 Antonio Echeverria in 1999. Lectures given by the author at the\u00a0Instituto Superior Polit\u00e9cnico Jos\u00e9 Antonio Echeverria in Havana ( Cuba) between 1991 &#8211; 1997 Language: French\u00a0 and Spanish bilingual Paperback: 100 pages Dimensions: 21 x 0.8 x 29.6cm<\/p>\n","protected":false},"featured_media":6524,"comment_status":"open","ping_status":"closed","template":"","meta":{"om_disable_all_campaigns":false,"_monsterinsights_skip_tracking":false,"_monsterinsights_sitenote_active":false,"_monsterinsights_sitenote_note":"","_monsterinsights_sitenote_category":0,"_uf_show_specific_survey":0,"_uf_disable_surveys":false},"product_cat":[24,47,57,56,59],"product_tag":[],"aioseo_notices":[],"jetpack_sharing_enabled":true,"_links":{"self":[{"href":"https:\/\/casadolivreiro.pt\/index.php\/wp-json\/wp\/v2\/product\/6523"}],"collection":[{"href":"https:\/\/casadolivreiro.pt\/index.php\/wp-json\/wp\/v2\/product"}],"about":[{"href":"https:\/\/casadolivreiro.pt\/index.php\/wp-json\/wp\/v2\/types\/product"}],"replies":[{"embeddable":true,"href":"https:\/\/casadolivreiro.pt\/index.php\/wp-json\/wp\/v2\/comments?post=6523"}],"wp:featuredmedia":[{"embeddable":true,"href":"https:\/\/casadolivreiro.pt\/index.php\/wp-json\/wp\/v2\/media\/6524"}],"wp:attachment":[{"href":"https:\/\/casadolivreiro.pt\/index.php\/wp-json\/wp\/v2\/media?parent=6523"}],"wp:term":[{"taxonomy":"product_cat","embeddable":true,"href":"https:\/\/casadolivreiro.pt\/index.php\/wp-json\/wp\/v2\/product_cat?post=6523"},{"taxonomy":"product_tag","embeddable":true,"href":"https:\/\/casadolivreiro.pt\/index.php\/wp-json\/wp\/v2\/product_tag?post=6523"}],"curies":[{"name":"wp","href":"https:\/\/api.w.org\/{rel}","templated":true}]}}