{"id":6520,"date":"2026-03-01T17:16:08","date_gmt":"2026-03-01T17:16:08","guid":{"rendered":"https:\/\/casadolivreiro.pt\/?post_type=product&#038;p=6520"},"modified":"2026-03-01T17:16:08","modified_gmt":"2026-03-01T17:16:08","slug":"bloomsbury-portraits-richard-shone","status":"publish","type":"product","link":"https:\/\/casadolivreiro.pt\/index.php\/product\/bloomsbury-portraits-richard-shone\/","title":{"rendered":"BLOOMSBURY PORTRAITS &#8211; Richard Shone"},"content":{"rendered":"<p>BLOOMSBURY PORTRAITS<\/p>\n<p>Richard Shone<\/p>\n<p>Ano de edi\u00e7\u00e3o: 1976<\/p>\n<p>Editor: Phaidon, Oxford.<\/p>\n<p>Idioma: Ingl\u00eas<\/p>\n<p>Dimens\u00f5es: 21cm x 2.4cm x 25cm<\/p>\n<p>Encaderna\u00e7\u00e3o: Capa dura<\/p>\n<p>P\u00e1ginas: 272<\/p>\n","protected":false},"excerpt":{"rendered":"<p>BLOOMSBURY PORTRAITS Richard Shone Ano de edi\u00e7\u00e3o: 1976 Editor: Phaidon, Oxford. Idioma: Ingl\u00eas Dimens\u00f5es: 21cm x 2.4cm x 25cm Encaderna\u00e7\u00e3o: Capa dura P\u00e1ginas: 272<\/p>\n","protected":false},"featured_media":6521,"comment_status":"open","ping_status":"closed","template":"","meta":{"om_disable_all_campaigns":false,"_monsterinsights_skip_tracking":false,"_monsterinsights_sitenote_active":false,"_monsterinsights_sitenote_note":"","_monsterinsights_sitenote_category":0,"_uf_show_specific_survey":0,"_uf_disable_surveys":false},"product_cat":[24,55,59],"product_tag":[],"aioseo_notices":[],"jetpack_sharing_enabled":true,"_links":{"self":[{"href":"https:\/\/casadolivreiro.pt\/index.php\/wp-json\/wp\/v2\/product\/6520"}],"collection":[{"href":"https:\/\/casadolivreiro.pt\/index.php\/wp-json\/wp\/v2\/product"}],"about":[{"href":"https:\/\/casadolivreiro.pt\/index.php\/wp-json\/wp\/v2\/types\/product"}],"replies":[{"embeddable":true,"href":"https:\/\/casadolivreiro.pt\/index.php\/wp-json\/wp\/v2\/comments?post=6520"}],"wp:featuredmedia":[{"embeddable":true,"href":"https:\/\/casadolivreiro.pt\/index.php\/wp-json\/wp\/v2\/media\/6521"}],"wp:attachment":[{"href":"https:\/\/casadolivreiro.pt\/index.php\/wp-json\/wp\/v2\/media?parent=6520"}],"wp:term":[{"taxonomy":"product_cat","embeddable":true,"href":"https:\/\/casadolivreiro.pt\/index.php\/wp-json\/wp\/v2\/product_cat?post=6520"},{"taxonomy":"product_tag","embeddable":true,"href":"https:\/\/casadolivreiro.pt\/index.php\/wp-json\/wp\/v2\/product_tag?post=6520"}],"curies":[{"name":"wp","href":"https:\/\/api.w.org\/{rel}","templated":true}]}}