{"id":6518,"date":"2026-03-01T17:09:42","date_gmt":"2026-03-01T17:09:42","guid":{"rendered":"https:\/\/casadolivreiro.pt\/?post_type=product&#038;p=6518"},"modified":"2026-03-01T17:09:42","modified_gmt":"2026-03-01T17:09:42","slug":"the-uncommercial-traveller-charles-dickens","status":"publish","type":"product","link":"https:\/\/casadolivreiro.pt\/index.php\/product\/the-uncommercial-traveller-charles-dickens\/","title":{"rendered":"THE UNCOMMERCIAL TRAVELLER &#8211; Charles Dickens"},"content":{"rendered":"<p>THE UNCOMMERCIAL TRAVELLER<\/p>\n<p>Charles Dickens<\/p>\n<p>Ano de edi\u00e7\u00e3o: 1877<\/p>\n<p>Editor: Chapman and Hall, London ( The Works of Charles Dickens Household Edition)<\/p>\n<p>Idioma: Ingl\u00eas<\/p>\n<p>Dimens\u00f5es: 19cm x 1.1cm x 19.5cm<\/p>\n<p>Encaderna\u00e7\u00e3o: Capa dura<\/p>\n<p>P\u00e1ginas: 174<\/p>\n","protected":false},"excerpt":{"rendered":"<p>THE UNCOMMERCIAL TRAVELLER Charles Dickens Ano de edi\u00e7\u00e3o: 1877 Editor: Chapman and Hall, London ( The Works of Charles Dickens Household Edition) Idioma: Ingl\u00eas Dimens\u00f5es: 19cm x 1.1cm x 19.5cm Encaderna\u00e7\u00e3o: Capa dura P\u00e1ginas: 174<\/p>\n","protected":false},"featured_media":6519,"comment_status":"open","ping_status":"closed","template":"","meta":{"om_disable_all_campaigns":false,"_monsterinsights_skip_tracking":false,"_monsterinsights_sitenote_active":false,"_monsterinsights_sitenote_note":"","_monsterinsights_sitenote_category":0,"_uf_show_specific_survey":0,"_uf_disable_surveys":false},"product_cat":[60,55,59],"product_tag":[],"aioseo_notices":[],"jetpack_sharing_enabled":true,"_links":{"self":[{"href":"https:\/\/casadolivreiro.pt\/index.php\/wp-json\/wp\/v2\/product\/6518"}],"collection":[{"href":"https:\/\/casadolivreiro.pt\/index.php\/wp-json\/wp\/v2\/product"}],"about":[{"href":"https:\/\/casadolivreiro.pt\/index.php\/wp-json\/wp\/v2\/types\/product"}],"replies":[{"embeddable":true,"href":"https:\/\/casadolivreiro.pt\/index.php\/wp-json\/wp\/v2\/comments?post=6518"}],"wp:featuredmedia":[{"embeddable":true,"href":"https:\/\/casadolivreiro.pt\/index.php\/wp-json\/wp\/v2\/media\/6519"}],"wp:attachment":[{"href":"https:\/\/casadolivreiro.pt\/index.php\/wp-json\/wp\/v2\/media?parent=6518"}],"wp:term":[{"taxonomy":"product_cat","embeddable":true,"href":"https:\/\/casadolivreiro.pt\/index.php\/wp-json\/wp\/v2\/product_cat?post=6518"},{"taxonomy":"product_tag","embeddable":true,"href":"https:\/\/casadolivreiro.pt\/index.php\/wp-json\/wp\/v2\/product_tag?post=6518"}],"curies":[{"name":"wp","href":"https:\/\/api.w.org\/{rel}","templated":true}]}}