{"id":6510,"date":"2026-03-01T16:51:57","date_gmt":"2026-03-01T16:51:57","guid":{"rendered":"https:\/\/casadolivreiro.pt\/?post_type=product&#038;p=6510"},"modified":"2026-03-01T16:51:57","modified_gmt":"2026-03-01T16:51:57","slug":"under-a-sky-like-flame-lawrence-g-green","status":"publish","type":"product","link":"https:\/\/casadolivreiro.pt\/index.php\/product\/under-a-sky-like-flame-lawrence-g-green\/","title":{"rendered":"UNDER A SKY LIKE FLAME &#8211; Lawrence G. Green"},"content":{"rendered":"<p>UNDER A SKY LIKE FLAME<\/p>\n<p>Lawrence G. Green<\/p>\n<p>Ano de edi\u00e7\u00e3o: 1954 (1.\u00aa edi\u00e7\u00e3o)<\/p>\n<p>Editor: Howard Timmins, Cape Town<\/p>\n<p>Idioma: Ingl\u00eas<\/p>\n<p>Dimens\u00f5es: 14cm x 2.5cm x 21.7cm<\/p>\n<p>Encaderna\u00e7\u00e3o: Capa dura<\/p>\n<p>P\u00e1ginas: 254<\/p>\n","protected":false},"excerpt":{"rendered":"<p>UNDER A SKY LIKE FLAME Lawrence G. Green Ano de edi\u00e7\u00e3o: 1954 (1.\u00aa edi\u00e7\u00e3o) Editor: Howard Timmins, Cape Town Idioma: Ingl\u00eas Dimens\u00f5es: 14cm x 2.5cm x 21.7cm Encaderna\u00e7\u00e3o: Capa dura P\u00e1ginas: 254<\/p>\n","protected":false},"featured_media":6511,"comment_status":"open","ping_status":"closed","template":"","meta":{"om_disable_all_campaigns":false,"_monsterinsights_skip_tracking":false,"_monsterinsights_sitenote_active":false,"_monsterinsights_sitenote_note":"","_monsterinsights_sitenote_category":0,"_uf_show_specific_survey":0,"_uf_disable_surveys":false},"product_cat":[55,59,61],"product_tag":[],"aioseo_notices":[],"jetpack_sharing_enabled":true,"_links":{"self":[{"href":"https:\/\/casadolivreiro.pt\/index.php\/wp-json\/wp\/v2\/product\/6510"}],"collection":[{"href":"https:\/\/casadolivreiro.pt\/index.php\/wp-json\/wp\/v2\/product"}],"about":[{"href":"https:\/\/casadolivreiro.pt\/index.php\/wp-json\/wp\/v2\/types\/product"}],"replies":[{"embeddable":true,"href":"https:\/\/casadolivreiro.pt\/index.php\/wp-json\/wp\/v2\/comments?post=6510"}],"wp:featuredmedia":[{"embeddable":true,"href":"https:\/\/casadolivreiro.pt\/index.php\/wp-json\/wp\/v2\/media\/6511"}],"wp:attachment":[{"href":"https:\/\/casadolivreiro.pt\/index.php\/wp-json\/wp\/v2\/media?parent=6510"}],"wp:term":[{"taxonomy":"product_cat","embeddable":true,"href":"https:\/\/casadolivreiro.pt\/index.php\/wp-json\/wp\/v2\/product_cat?post=6510"},{"taxonomy":"product_tag","embeddable":true,"href":"https:\/\/casadolivreiro.pt\/index.php\/wp-json\/wp\/v2\/product_tag?post=6510"}],"curies":[{"name":"wp","href":"https:\/\/api.w.org\/{rel}","templated":true}]}}