{"id":6508,"date":"2026-03-01T16:35:38","date_gmt":"2026-03-01T16:35:38","guid":{"rendered":"https:\/\/casadolivreiro.pt\/?post_type=product&#038;p=6508"},"modified":"2026-03-01T16:35:38","modified_gmt":"2026-03-01T16:35:38","slug":"flemish-painting-the-age-of-rubens-and-van-dyck-leo-van-puyvelde","status":"publish","type":"product","link":"https:\/\/casadolivreiro.pt\/index.php\/product\/flemish-painting-the-age-of-rubens-and-van-dyck-leo-van-puyvelde\/","title":{"rendered":"FLEMISH PAINTING: THE AGE OF RUBENS AND VAN DYCK &#8211; Leo Van Puyvelde"},"content":{"rendered":"<p>FLEMISH PAINTING: THE AGE OF RUBENS AND VAN DYCK<\/p>\n<p>Leo Van Puyvelde &amp; Thierry Van Puyvelde<\/p>\n<p>Translated by: Alan Kendall<\/p>\n<p>Ano de edi\u00e7\u00e3o: 1971<\/p>\n<p>Editor: McGraw-Hill Book Company, New York, Toronto<\/p>\n<p>Idioma: Ingl\u00eas<\/p>\n<p>Dimens\u00f5es: 26 x 3 x 29 cm<\/p>\n<p>Encaderna\u00e7\u00e3o: Capa dura<\/p>\n<p>P\u00e1ginas: 243<\/p>\n","protected":false},"excerpt":{"rendered":"<p>FLEMISH PAINTING: THE AGE OF RUBENS AND VAN DYCK Leo Van Puyvelde &amp; Thierry Van Puyvelde Translated by: Alan Kendall Ano de edi\u00e7\u00e3o: 1971 Editor: McGraw-Hill Book Company, New York, Toronto Idioma: Ingl\u00eas Dimens\u00f5es: 26 x 3 x 29 cm Encaderna\u00e7\u00e3o: Capa dura P\u00e1ginas: 243<\/p>\n","protected":false},"featured_media":6509,"comment_status":"open","ping_status":"closed","template":"","meta":{"om_disable_all_campaigns":false,"_monsterinsights_skip_tracking":false,"_monsterinsights_sitenote_active":false,"_monsterinsights_sitenote_note":"","_monsterinsights_sitenote_category":0,"_uf_show_specific_survey":0,"_uf_disable_surveys":false},"product_cat":[24,55,59,49],"product_tag":[],"aioseo_notices":[],"jetpack_sharing_enabled":true,"_links":{"self":[{"href":"https:\/\/casadolivreiro.pt\/index.php\/wp-json\/wp\/v2\/product\/6508"}],"collection":[{"href":"https:\/\/casadolivreiro.pt\/index.php\/wp-json\/wp\/v2\/product"}],"about":[{"href":"https:\/\/casadolivreiro.pt\/index.php\/wp-json\/wp\/v2\/types\/product"}],"replies":[{"embeddable":true,"href":"https:\/\/casadolivreiro.pt\/index.php\/wp-json\/wp\/v2\/comments?post=6508"}],"wp:featuredmedia":[{"embeddable":true,"href":"https:\/\/casadolivreiro.pt\/index.php\/wp-json\/wp\/v2\/media\/6509"}],"wp:attachment":[{"href":"https:\/\/casadolivreiro.pt\/index.php\/wp-json\/wp\/v2\/media?parent=6508"}],"wp:term":[{"taxonomy":"product_cat","embeddable":true,"href":"https:\/\/casadolivreiro.pt\/index.php\/wp-json\/wp\/v2\/product_cat?post=6508"},{"taxonomy":"product_tag","embeddable":true,"href":"https:\/\/casadolivreiro.pt\/index.php\/wp-json\/wp\/v2\/product_tag?post=6508"}],"curies":[{"name":"wp","href":"https:\/\/api.w.org\/{rel}","templated":true}]}}