{"id":6504,"date":"2026-03-01T16:28:42","date_gmt":"2026-03-01T16:28:42","guid":{"rendered":"https:\/\/casadolivreiro.pt\/?post_type=product&#038;p=6504"},"modified":"2026-03-01T16:28:43","modified_gmt":"2026-03-01T16:28:43","slug":"portugal-em-selos-1992","status":"publish","type":"product","link":"https:\/\/casadolivreiro.pt\/index.php\/product\/portugal-em-selos-1992\/","title":{"rendered":"PORTUGAL EM SELOS 1992"},"content":{"rendered":"<p>PORTUGAL EM SELOS 1992<\/p>\n<p>Completo com os respectivo Selos (53 selos de 1992)<\/p>\n<p>Textos: J.M. Teixeira<\/p>\n<p>Editor: Clube do Coleccionador dos Correios<\/p>\n<p>Idioma: Portugu\u00eas<\/p>\n<p>Dimens\u00f5es: 24 x 1.4 x 24.5 cm<\/p>\n<p>Encaderna\u00e7\u00e3o: Capa dura<\/p>\n<p>P\u00e1ginas: 178<\/p>\n","protected":false},"excerpt":{"rendered":"<p>PORTUGAL EM SELOS 1992 Completo com os respectivo Selos (53 selos de 1992) Textos: J.M. Teixeira Editor: Clube do Coleccionador dos Correios Idioma: Portugu\u00eas Dimens\u00f5es: 24 x 1.4 x 24.5 cm Encaderna\u00e7\u00e3o: Capa dura P\u00e1ginas: 178<\/p>\n","protected":false},"featured_media":6505,"comment_status":"open","ping_status":"closed","template":"","meta":{"om_disable_all_campaigns":false,"_monsterinsights_skip_tracking":false,"_monsterinsights_sitenote_active":false,"_monsterinsights_sitenote_note":"","_monsterinsights_sitenote_category":0,"_uf_show_specific_survey":0,"_uf_disable_surveys":false},"product_cat":[24,66],"product_tag":[],"aioseo_notices":[],"jetpack_sharing_enabled":true,"_links":{"self":[{"href":"https:\/\/casadolivreiro.pt\/index.php\/wp-json\/wp\/v2\/product\/6504"}],"collection":[{"href":"https:\/\/casadolivreiro.pt\/index.php\/wp-json\/wp\/v2\/product"}],"about":[{"href":"https:\/\/casadolivreiro.pt\/index.php\/wp-json\/wp\/v2\/types\/product"}],"replies":[{"embeddable":true,"href":"https:\/\/casadolivreiro.pt\/index.php\/wp-json\/wp\/v2\/comments?post=6504"}],"wp:featuredmedia":[{"embeddable":true,"href":"https:\/\/casadolivreiro.pt\/index.php\/wp-json\/wp\/v2\/media\/6505"}],"wp:attachment":[{"href":"https:\/\/casadolivreiro.pt\/index.php\/wp-json\/wp\/v2\/media?parent=6504"}],"wp:term":[{"taxonomy":"product_cat","embeddable":true,"href":"https:\/\/casadolivreiro.pt\/index.php\/wp-json\/wp\/v2\/product_cat?post=6504"},{"taxonomy":"product_tag","embeddable":true,"href":"https:\/\/casadolivreiro.pt\/index.php\/wp-json\/wp\/v2\/product_tag?post=6504"}],"curies":[{"name":"wp","href":"https:\/\/api.w.org\/{rel}","templated":true}]}}