{"id":6502,"date":"2026-03-01T16:26:46","date_gmt":"2026-03-01T16:26:46","guid":{"rendered":"https:\/\/casadolivreiro.pt\/?post_type=product&#038;p=6502"},"modified":"2026-03-01T16:26:46","modified_gmt":"2026-03-01T16:26:46","slug":"le-portique-numero-5-1947","status":"publish","type":"product","link":"https:\/\/casadolivreiro.pt\/index.php\/product\/le-portique-numero-5-1947\/","title":{"rendered":"LE PORTIQUE, Numero 5, 1947"},"content":{"rendered":"<p>LE PORTIQUE, Numero 5, 1947<\/p>\n<p>Ano de edi\u00e7\u00e3o: 1947<\/p>\n<p>Editor: \u00c9ditions Rombaldi, Paris<\/p>\n<p>Idioma: Franc\u00eas<\/p>\n<p>Dimens\u00f5es: 21.2 x 1.4 x 27 cm<\/p>\n<p>Encaderna\u00e7\u00e3o: Capa mole<\/p>\n<p>P\u00e1ginas: 178<\/p>\n","protected":false},"excerpt":{"rendered":"<p>LE PORTIQUE, Numero 5, 1947 Ano de edi\u00e7\u00e3o: 1947 Editor: \u00c9ditions Rombaldi, Paris Idioma: Franc\u00eas Dimens\u00f5es: 21.2 x 1.4 x 27 cm Encaderna\u00e7\u00e3o: Capa mole P\u00e1ginas: 178<\/p>\n","protected":false},"featured_media":6503,"comment_status":"open","ping_status":"closed","template":"","meta":{"om_disable_all_campaigns":false,"_monsterinsights_skip_tracking":false,"_monsterinsights_sitenote_active":false,"_monsterinsights_sitenote_note":"","_monsterinsights_sitenote_category":0,"_uf_show_specific_survey":0,"_uf_disable_surveys":false},"product_cat":[24,56,59,65],"product_tag":[],"aioseo_notices":[],"jetpack_sharing_enabled":true,"_links":{"self":[{"href":"https:\/\/casadolivreiro.pt\/index.php\/wp-json\/wp\/v2\/product\/6502"}],"collection":[{"href":"https:\/\/casadolivreiro.pt\/index.php\/wp-json\/wp\/v2\/product"}],"about":[{"href":"https:\/\/casadolivreiro.pt\/index.php\/wp-json\/wp\/v2\/types\/product"}],"replies":[{"embeddable":true,"href":"https:\/\/casadolivreiro.pt\/index.php\/wp-json\/wp\/v2\/comments?post=6502"}],"wp:featuredmedia":[{"embeddable":true,"href":"https:\/\/casadolivreiro.pt\/index.php\/wp-json\/wp\/v2\/media\/6503"}],"wp:attachment":[{"href":"https:\/\/casadolivreiro.pt\/index.php\/wp-json\/wp\/v2\/media?parent=6502"}],"wp:term":[{"taxonomy":"product_cat","embeddable":true,"href":"https:\/\/casadolivreiro.pt\/index.php\/wp-json\/wp\/v2\/product_cat?post=6502"},{"taxonomy":"product_tag","embeddable":true,"href":"https:\/\/casadolivreiro.pt\/index.php\/wp-json\/wp\/v2\/product_tag?post=6502"}],"curies":[{"name":"wp","href":"https:\/\/api.w.org\/{rel}","templated":true}]}}