{"id":6494,"date":"2026-03-01T16:16:28","date_gmt":"2026-03-01T16:16:28","guid":{"rendered":"https:\/\/casadolivreiro.pt\/?post_type=product&#038;p=6494"},"modified":"2026-03-01T16:16:29","modified_gmt":"2026-03-01T16:16:29","slug":"dicionario-de-duvidas-e-dificuldades-da-lingua-portuguesa-vol-i-coordenacao-de-jose-pedro-machado","status":"publish","type":"product","link":"https:\/\/casadolivreiro.pt\/index.php\/product\/dicionario-de-duvidas-e-dificuldades-da-lingua-portuguesa-vol-i-coordenacao-de-jose-pedro-machado\/","title":{"rendered":"DICION\u00c1RIO DE D\u00daVIDAS E DIFICULDADES DA L\u00cdNGUA PORTUGUESA, Vol. I &#8211; Coordena\u00e7\u00e3o de Jos\u00e9 Pedro Machado"},"content":{"rendered":"<p>DICION\u00c1RIO DE D\u00daVIDAS E DIFICULDADES DA L\u00cdNGUA PORTUGUESA, Vol. I<\/p>\n<p>Coordena\u00e7\u00e3o de Jos\u00e9 Pedro Machado<\/p>\n<p>Ano de edi\u00e7\u00e3o: 1978<\/p>\n<p>Editor: Sociedade de L\u00edngua Portuguesa<\/p>\n<p>Idioma: Portugu\u00eas<\/p>\n<p>Dimens\u00f5es: 14.5 x 2 x 20 cm<\/p>\n<p>Encaderna\u00e7\u00e3o: Capa dura<\/p>\n<p>P\u00e1ginas: 464<\/p>\n","protected":false},"excerpt":{"rendered":"<p>DICION\u00c1RIO DE D\u00daVIDAS E DIFICULDADES DA L\u00cdNGUA PORTUGUESA, Vol. I Coordena\u00e7\u00e3o de Jos\u00e9 Pedro Machado Ano de edi\u00e7\u00e3o: 1978 Editor: Sociedade de L\u00edngua Portuguesa Idioma: Portugu\u00eas Dimens\u00f5es: 14.5 x 2 x 20 cm Encaderna\u00e7\u00e3o: Capa dura P\u00e1ginas: 464<\/p>\n","protected":false},"featured_media":0,"comment_status":"open","ping_status":"closed","template":"","meta":{"om_disable_all_campaigns":false,"_monsterinsights_skip_tracking":false,"_monsterinsights_sitenote_active":false,"_monsterinsights_sitenote_note":"","_monsterinsights_sitenote_category":0,"_uf_show_specific_survey":0,"_uf_disable_surveys":false},"product_cat":[46,47],"product_tag":[],"aioseo_notices":[],"jetpack_sharing_enabled":true,"_links":{"self":[{"href":"https:\/\/casadolivreiro.pt\/index.php\/wp-json\/wp\/v2\/product\/6494"}],"collection":[{"href":"https:\/\/casadolivreiro.pt\/index.php\/wp-json\/wp\/v2\/product"}],"about":[{"href":"https:\/\/casadolivreiro.pt\/index.php\/wp-json\/wp\/v2\/types\/product"}],"replies":[{"embeddable":true,"href":"https:\/\/casadolivreiro.pt\/index.php\/wp-json\/wp\/v2\/comments?post=6494"}],"wp:attachment":[{"href":"https:\/\/casadolivreiro.pt\/index.php\/wp-json\/wp\/v2\/media?parent=6494"}],"wp:term":[{"taxonomy":"product_cat","embeddable":true,"href":"https:\/\/casadolivreiro.pt\/index.php\/wp-json\/wp\/v2\/product_cat?post=6494"},{"taxonomy":"product_tag","embeddable":true,"href":"https:\/\/casadolivreiro.pt\/index.php\/wp-json\/wp\/v2\/product_tag?post=6494"}],"curies":[{"name":"wp","href":"https:\/\/api.w.org\/{rel}","templated":true}]}}