{"id":6491,"date":"2026-03-01T16:15:08","date_gmt":"2026-03-01T16:15:08","guid":{"rendered":"https:\/\/casadolivreiro.pt\/?post_type=product&#038;p=6491"},"modified":"2026-03-01T16:15:08","modified_gmt":"2026-03-01T16:15:08","slug":"yalta-ou-a-partilha-do-mundo-arthur-conte","status":"publish","type":"product","link":"https:\/\/casadolivreiro.pt\/index.php\/product\/yalta-ou-a-partilha-do-mundo-arthur-conte\/","title":{"rendered":"YALTA: OU A PARTILHA DO MUNDO &#8211; Arthur Conte"},"content":{"rendered":"<p>YALTA: OU A PARTILHA DO MUNDO<\/p>\n<p>Arthur Conte<\/p>\n<p>Tradu\u00e7\u00e3o de J. de Bivar Salgado<\/p>\n<p>Ano de edi\u00e7\u00e3o: 1964?<\/p>\n<p>Editor: Livraria Bertrand<\/p>\n<p>Idioma: Portugu\u00eas<\/p>\n<p>Dimens\u00f5es: 14.5 x 3 x 20 cm<\/p>\n<p>Encaderna\u00e7\u00e3o: Capa dura<\/p>\n<p>P\u00e1ginas: 428<\/p>\n","protected":false},"excerpt":{"rendered":"<p>YALTA: OU A PARTILHA DO MUNDO Arthur Conte Tradu\u00e7\u00e3o de J. de Bivar Salgado Ano de edi\u00e7\u00e3o: 1964? Editor: Livraria Bertrand Idioma: Portugu\u00eas Dimens\u00f5es: 14.5 x 3 x 20 cm Encaderna\u00e7\u00e3o: Capa dura P\u00e1ginas: 428<\/p>\n","protected":false},"featured_media":6492,"comment_status":"open","ping_status":"closed","template":"","meta":{"om_disable_all_campaigns":false,"_monsterinsights_skip_tracking":false,"_monsterinsights_sitenote_active":false,"_monsterinsights_sitenote_note":"","_monsterinsights_sitenote_category":0,"_uf_show_specific_survey":0,"_uf_disable_surveys":false},"product_cat":[30,51],"product_tag":[],"aioseo_notices":[],"jetpack_sharing_enabled":true,"_links":{"self":[{"href":"https:\/\/casadolivreiro.pt\/index.php\/wp-json\/wp\/v2\/product\/6491"}],"collection":[{"href":"https:\/\/casadolivreiro.pt\/index.php\/wp-json\/wp\/v2\/product"}],"about":[{"href":"https:\/\/casadolivreiro.pt\/index.php\/wp-json\/wp\/v2\/types\/product"}],"replies":[{"embeddable":true,"href":"https:\/\/casadolivreiro.pt\/index.php\/wp-json\/wp\/v2\/comments?post=6491"}],"wp:featuredmedia":[{"embeddable":true,"href":"https:\/\/casadolivreiro.pt\/index.php\/wp-json\/wp\/v2\/media\/6492"}],"wp:attachment":[{"href":"https:\/\/casadolivreiro.pt\/index.php\/wp-json\/wp\/v2\/media?parent=6491"}],"wp:term":[{"taxonomy":"product_cat","embeddable":true,"href":"https:\/\/casadolivreiro.pt\/index.php\/wp-json\/wp\/v2\/product_cat?post=6491"},{"taxonomy":"product_tag","embeddable":true,"href":"https:\/\/casadolivreiro.pt\/index.php\/wp-json\/wp\/v2\/product_tag?post=6491"}],"curies":[{"name":"wp","href":"https:\/\/api.w.org\/{rel}","templated":true}]}}