{"id":649,"date":"2024-03-15T14:48:36","date_gmt":"2024-03-15T14:48:36","guid":{"rendered":"https:\/\/casadolivreiro.pt\/?post_type=product&#038;p=649"},"modified":"2024-03-15T14:48:57","modified_gmt":"2024-03-15T14:48:57","slug":"nas-pegadas-de-jesus-um-guia-ilustrado-dos-lugares-da-terra-santa-peter-walker","status":"publish","type":"product","link":"https:\/\/casadolivreiro.pt\/index.php\/product\/nas-pegadas-de-jesus-um-guia-ilustrado-dos-lugares-da-terra-santa-peter-walker\/","title":{"rendered":"NAS PEGADAS DE JESUS: Um guia ilustrado dos lugares da terra santa &#8211; Peter Walker"},"content":{"rendered":"<p>NAS PEGADAS DE JESUS: Um guia ilustrado dos lugares da terra santa<br \/>\nPeter Walker<br \/>\nTradu\u00e7\u00e3o de Paulinas Editora<br \/>\nISBN: 978-972-751-935-4<br \/>\nAno de edi\u00e7\u00e3o: 2008<br \/>\nEditor: Paulinas Editora<br \/>\nIdioma: Portugu\u00eas<br \/>\nDimens\u00f5es: 20 x 1.8 x 24.5 cm<br \/>\nEncaderna\u00e7\u00e3o: Capa dura<br \/>\nP\u00e1ginas: 215<\/p>\n","protected":false},"excerpt":{"rendered":"<p>NAS PEGADAS DE JESUS: Um guia ilustrado dos lugares da terra santa Peter Walker Tradu\u00e7\u00e3o de Paulinas Editora ISBN: 978-972-751-935-4 Ano de edi\u00e7\u00e3o: 2008 Editor: Paulinas Editora Idioma: Portugu\u00eas Dimens\u00f5es: 20 x 1.8 x 24.5 cm Encaderna\u00e7\u00e3o: Capa dura P\u00e1ginas: 215<\/p>\n","protected":false},"featured_media":650,"comment_status":"open","ping_status":"closed","template":"","meta":{"om_disable_all_campaigns":false,"_monsterinsights_skip_tracking":false,"_monsterinsights_sitenote_active":false,"_monsterinsights_sitenote_note":"","_monsterinsights_sitenote_category":0,"_uf_show_specific_survey":0,"_uf_disable_surveys":false},"product_cat":[33,30],"product_tag":[],"aioseo_notices":[],"jetpack_sharing_enabled":true,"_links":{"self":[{"href":"https:\/\/casadolivreiro.pt\/index.php\/wp-json\/wp\/v2\/product\/649"}],"collection":[{"href":"https:\/\/casadolivreiro.pt\/index.php\/wp-json\/wp\/v2\/product"}],"about":[{"href":"https:\/\/casadolivreiro.pt\/index.php\/wp-json\/wp\/v2\/types\/product"}],"replies":[{"embeddable":true,"href":"https:\/\/casadolivreiro.pt\/index.php\/wp-json\/wp\/v2\/comments?post=649"}],"wp:featuredmedia":[{"embeddable":true,"href":"https:\/\/casadolivreiro.pt\/index.php\/wp-json\/wp\/v2\/media\/650"}],"wp:attachment":[{"href":"https:\/\/casadolivreiro.pt\/index.php\/wp-json\/wp\/v2\/media?parent=649"}],"wp:term":[{"taxonomy":"product_cat","embeddable":true,"href":"https:\/\/casadolivreiro.pt\/index.php\/wp-json\/wp\/v2\/product_cat?post=649"},{"taxonomy":"product_tag","embeddable":true,"href":"https:\/\/casadolivreiro.pt\/index.php\/wp-json\/wp\/v2\/product_tag?post=649"}],"curies":[{"name":"wp","href":"https:\/\/api.w.org\/{rel}","templated":true}]}}