{"id":6485,"date":"2026-03-01T16:08:39","date_gmt":"2026-03-01T16:08:39","guid":{"rendered":"https:\/\/casadolivreiro.pt\/?post_type=product&#038;p=6485"},"modified":"2026-03-01T16:08:39","modified_gmt":"2026-03-01T16:08:39","slug":"banco-narrativa-henri-charriere","status":"publish","type":"product","link":"https:\/\/casadolivreiro.pt\/index.php\/product\/banco-narrativa-henri-charriere\/","title":{"rendered":"BANCO narrativa &#8211; Henri Charri\u00e8re"},"content":{"rendered":"<p>BANCO narrativa<\/p>\n<p>Henri Charri\u00e8re<\/p>\n<p>Tradu\u00e7\u00e3o de Maria Auta Monteiro Costa e Isabel Aguiar Silva<\/p>\n<p>Ano de edi\u00e7\u00e3o:<\/p>\n<p>Editor: Livraria Bertrand<\/p>\n<p>Idioma: Portugu\u00eas<\/p>\n<p>Dimens\u00f5es: 14.5 x 2.8 x 20 cm<\/p>\n<p>Encaderna\u00e7\u00e3o: Capa dura<\/p>\n<p>P\u00e1ginas: 420<\/p>\n","protected":false},"excerpt":{"rendered":"<p>BANCO narrativa Henri Charri\u00e8re Tradu\u00e7\u00e3o de Maria Auta Monteiro Costa e Isabel Aguiar Silva Ano de edi\u00e7\u00e3o: Editor: Livraria Bertrand Idioma: Portugu\u00eas Dimens\u00f5es: 14.5 x 2.8 x 20 cm Encaderna\u00e7\u00e3o: Capa dura P\u00e1ginas: 420<\/p>\n","protected":false},"featured_media":6486,"comment_status":"open","ping_status":"closed","template":"","meta":{"om_disable_all_campaigns":false,"_monsterinsights_skip_tracking":false,"_monsterinsights_sitenote_active":false,"_monsterinsights_sitenote_note":"","_monsterinsights_sitenote_category":0,"_uf_show_specific_survey":0,"_uf_disable_surveys":false},"product_cat":[26,36],"product_tag":[],"aioseo_notices":[],"jetpack_sharing_enabled":true,"_links":{"self":[{"href":"https:\/\/casadolivreiro.pt\/index.php\/wp-json\/wp\/v2\/product\/6485"}],"collection":[{"href":"https:\/\/casadolivreiro.pt\/index.php\/wp-json\/wp\/v2\/product"}],"about":[{"href":"https:\/\/casadolivreiro.pt\/index.php\/wp-json\/wp\/v2\/types\/product"}],"replies":[{"embeddable":true,"href":"https:\/\/casadolivreiro.pt\/index.php\/wp-json\/wp\/v2\/comments?post=6485"}],"wp:featuredmedia":[{"embeddable":true,"href":"https:\/\/casadolivreiro.pt\/index.php\/wp-json\/wp\/v2\/media\/6486"}],"wp:attachment":[{"href":"https:\/\/casadolivreiro.pt\/index.php\/wp-json\/wp\/v2\/media?parent=6485"}],"wp:term":[{"taxonomy":"product_cat","embeddable":true,"href":"https:\/\/casadolivreiro.pt\/index.php\/wp-json\/wp\/v2\/product_cat?post=6485"},{"taxonomy":"product_tag","embeddable":true,"href":"https:\/\/casadolivreiro.pt\/index.php\/wp-json\/wp\/v2\/product_tag?post=6485"}],"curies":[{"name":"wp","href":"https:\/\/api.w.org\/{rel}","templated":true}]}}