{"id":6476,"date":"2026-03-01T15:50:30","date_gmt":"2026-03-01T15:50:30","guid":{"rendered":"https:\/\/casadolivreiro.pt\/?post_type=product&#038;p=6476"},"modified":"2026-03-01T15:50:30","modified_gmt":"2026-03-01T15:50:30","slug":"pequenos-mundos-volume-ii-ferreira-de-castro","status":"publish","type":"product","link":"https:\/\/casadolivreiro.pt\/index.php\/product\/pequenos-mundos-volume-ii-ferreira-de-castro\/","title":{"rendered":"PEQUENOS MUNDOS, Volume II &#8211; Ferreira de Castro"},"content":{"rendered":"<p>PEQUENOS MUNDOS, Volume II<\/p>\n<p>Ferreira de Castro<\/p>\n<p>Ano de edi\u00e7\u00e3o:<\/p>\n<p>Editor: Livraria Editora Guimar\u00e3es &amp;C.\u00aa<\/p>\n<p>Idioma: Portugu\u00eas<\/p>\n<p>Dimens\u00f5es: 11.5 x 2.8 x 18.8 cm<\/p>\n<p>Encaderna\u00e7\u00e3o: Capa dura<\/p>\n<p>P\u00e1ginas: 317<\/p>\n","protected":false},"excerpt":{"rendered":"<p>PEQUENOS MUNDOS, Volume II Ferreira de Castro Ano de edi\u00e7\u00e3o: Editor: Livraria Editora Guimar\u00e3es &amp;C.\u00aa Idioma: Portugu\u00eas Dimens\u00f5es: 11.5 x 2.8 x 18.8 cm Encaderna\u00e7\u00e3o: Capa dura P\u00e1ginas: 317<\/p>\n","protected":false},"featured_media":6477,"comment_status":"open","ping_status":"closed","template":"","meta":{"om_disable_all_campaigns":false,"_monsterinsights_skip_tracking":false,"_monsterinsights_sitenote_active":false,"_monsterinsights_sitenote_note":"","_monsterinsights_sitenote_category":0,"_uf_show_specific_survey":0,"_uf_disable_surveys":false},"product_cat":[25],"product_tag":[],"aioseo_notices":[],"jetpack_sharing_enabled":true,"_links":{"self":[{"href":"https:\/\/casadolivreiro.pt\/index.php\/wp-json\/wp\/v2\/product\/6476"}],"collection":[{"href":"https:\/\/casadolivreiro.pt\/index.php\/wp-json\/wp\/v2\/product"}],"about":[{"href":"https:\/\/casadolivreiro.pt\/index.php\/wp-json\/wp\/v2\/types\/product"}],"replies":[{"embeddable":true,"href":"https:\/\/casadolivreiro.pt\/index.php\/wp-json\/wp\/v2\/comments?post=6476"}],"wp:featuredmedia":[{"embeddable":true,"href":"https:\/\/casadolivreiro.pt\/index.php\/wp-json\/wp\/v2\/media\/6477"}],"wp:attachment":[{"href":"https:\/\/casadolivreiro.pt\/index.php\/wp-json\/wp\/v2\/media?parent=6476"}],"wp:term":[{"taxonomy":"product_cat","embeddable":true,"href":"https:\/\/casadolivreiro.pt\/index.php\/wp-json\/wp\/v2\/product_cat?post=6476"},{"taxonomy":"product_tag","embeddable":true,"href":"https:\/\/casadolivreiro.pt\/index.php\/wp-json\/wp\/v2\/product_tag?post=6476"}],"curies":[{"name":"wp","href":"https:\/\/api.w.org\/{rel}","templated":true}]}}