{"id":6470,"date":"2026-03-01T15:45:13","date_gmt":"2026-03-01T15:45:13","guid":{"rendered":"https:\/\/casadolivreiro.pt\/?post_type=product&#038;p=6470"},"modified":"2026-03-01T15:45:13","modified_gmt":"2026-03-01T15:45:13","slug":"livro-do-capitao-sem-nome-f-chedas","status":"publish","type":"product","link":"https:\/\/casadolivreiro.pt\/index.php\/product\/livro-do-capitao-sem-nome-f-chedas\/","title":{"rendered":"LIVRO DO CAPIT\u00c3O SEM NOME &#8211; F. Chedas"},"content":{"rendered":"<p>LIVRO DO CAPIT\u00c3O SEM NOME<\/p>\n<p>F. Chedas<\/p>\n<p>Ano de edi\u00e7\u00e3o: 1944<\/p>\n<p>Editor: Oficinas Graficas Casa Portuguesa, Lisboa<\/p>\n<p>Idioma: Portugu\u00eas<\/p>\n<p>Dimens\u00f5es: 13 x 1.8 x 19.5 cm<\/p>\n<p>Encaderna\u00e7\u00e3o: Capa dura<\/p>\n<p>P\u00e1ginas: 168<\/p>\n","protected":false},"excerpt":{"rendered":"<p>LIVRO DO CAPIT\u00c3O SEM NOME F. Chedas Ano de edi\u00e7\u00e3o: 1944 Editor: Oficinas Graficas Casa Portuguesa, Lisboa Idioma: Portugu\u00eas Dimens\u00f5es: 13 x 1.8 x 19.5 cm Encaderna\u00e7\u00e3o: Capa dura P\u00e1ginas: 168<\/p>\n","protected":false},"featured_media":6471,"comment_status":"open","ping_status":"closed","template":"","meta":{"om_disable_all_campaigns":false,"_monsterinsights_skip_tracking":false,"_monsterinsights_sitenote_active":false,"_monsterinsights_sitenote_note":"","_monsterinsights_sitenote_category":0,"_uf_show_specific_survey":0,"_uf_disable_surveys":false},"product_cat":[30,25,36],"product_tag":[],"aioseo_notices":[],"jetpack_sharing_enabled":true,"_links":{"self":[{"href":"https:\/\/casadolivreiro.pt\/index.php\/wp-json\/wp\/v2\/product\/6470"}],"collection":[{"href":"https:\/\/casadolivreiro.pt\/index.php\/wp-json\/wp\/v2\/product"}],"about":[{"href":"https:\/\/casadolivreiro.pt\/index.php\/wp-json\/wp\/v2\/types\/product"}],"replies":[{"embeddable":true,"href":"https:\/\/casadolivreiro.pt\/index.php\/wp-json\/wp\/v2\/comments?post=6470"}],"wp:featuredmedia":[{"embeddable":true,"href":"https:\/\/casadolivreiro.pt\/index.php\/wp-json\/wp\/v2\/media\/6471"}],"wp:attachment":[{"href":"https:\/\/casadolivreiro.pt\/index.php\/wp-json\/wp\/v2\/media?parent=6470"}],"wp:term":[{"taxonomy":"product_cat","embeddable":true,"href":"https:\/\/casadolivreiro.pt\/index.php\/wp-json\/wp\/v2\/product_cat?post=6470"},{"taxonomy":"product_tag","embeddable":true,"href":"https:\/\/casadolivreiro.pt\/index.php\/wp-json\/wp\/v2\/product_tag?post=6470"}],"curies":[{"name":"wp","href":"https:\/\/api.w.org\/{rel}","templated":true}]}}