{"id":6467,"date":"2026-03-01T15:41:59","date_gmt":"2026-03-01T15:41:59","guid":{"rendered":"https:\/\/casadolivreiro.pt\/?post_type=product&#038;p=6467"},"modified":"2026-03-01T15:41:59","modified_gmt":"2026-03-01T15:41:59","slug":"como-obter-boas-fotografias-gert-lindner","status":"publish","type":"product","link":"https:\/\/casadolivreiro.pt\/index.php\/product\/como-obter-boas-fotografias-gert-lindner\/","title":{"rendered":"COMO OBTER BOAS FOTOGRAFIAS &#8211; Gert Lindner"},"content":{"rendered":"<p>COMO OBTER BOAS FOTOGRAFIAS<\/p>\n<p>Gert Lindner<\/p>\n<p>Tradu\u00e7\u00e3o e adapta\u00e7\u00e3o de Carlos Santos e Silva<\/p>\n<p>Ano de edi\u00e7\u00e3o: 1973<\/p>\n<p>Editor: Livraria Bertrand<\/p>\n<p>Idioma: Portugu\u00eas<\/p>\n<p>Dimens\u00f5es: 11.5 x 2.3 x 17.5 cm<\/p>\n<p>Encaderna\u00e7\u00e3o: Capa dura<\/p>\n<p>P\u00e1ginas: 323<\/p>\n","protected":false},"excerpt":{"rendered":"<p>COMO OBTER BOAS FOTOGRAFIAS Gert Lindner Tradu\u00e7\u00e3o e adapta\u00e7\u00e3o de Carlos Santos e Silva Ano de edi\u00e7\u00e3o: 1973 Editor: Livraria Bertrand Idioma: Portugu\u00eas Dimens\u00f5es: 11.5 x 2.3 x 17.5 cm Encaderna\u00e7\u00e3o: Capa dura P\u00e1ginas: 323<\/p>\n","protected":false},"featured_media":6468,"comment_status":"open","ping_status":"closed","template":"","meta":{"om_disable_all_campaigns":false,"_monsterinsights_skip_tracking":false,"_monsterinsights_sitenote_active":false,"_monsterinsights_sitenote_note":"","_monsterinsights_sitenote_category":0,"_uf_show_specific_survey":0,"_uf_disable_surveys":false},"product_cat":[24,66],"product_tag":[],"aioseo_notices":[],"jetpack_sharing_enabled":true,"_links":{"self":[{"href":"https:\/\/casadolivreiro.pt\/index.php\/wp-json\/wp\/v2\/product\/6467"}],"collection":[{"href":"https:\/\/casadolivreiro.pt\/index.php\/wp-json\/wp\/v2\/product"}],"about":[{"href":"https:\/\/casadolivreiro.pt\/index.php\/wp-json\/wp\/v2\/types\/product"}],"replies":[{"embeddable":true,"href":"https:\/\/casadolivreiro.pt\/index.php\/wp-json\/wp\/v2\/comments?post=6467"}],"wp:featuredmedia":[{"embeddable":true,"href":"https:\/\/casadolivreiro.pt\/index.php\/wp-json\/wp\/v2\/media\/6468"}],"wp:attachment":[{"href":"https:\/\/casadolivreiro.pt\/index.php\/wp-json\/wp\/v2\/media?parent=6467"}],"wp:term":[{"taxonomy":"product_cat","embeddable":true,"href":"https:\/\/casadolivreiro.pt\/index.php\/wp-json\/wp\/v2\/product_cat?post=6467"},{"taxonomy":"product_tag","embeddable":true,"href":"https:\/\/casadolivreiro.pt\/index.php\/wp-json\/wp\/v2\/product_tag?post=6467"}],"curies":[{"name":"wp","href":"https:\/\/api.w.org\/{rel}","templated":true}]}}