{"id":645,"date":"2024-03-15T14:42:12","date_gmt":"2024-03-15T14:42:12","guid":{"rendered":"https:\/\/casadolivreiro.pt\/?post_type=product&#038;p=645"},"modified":"2024-03-15T14:42:12","modified_gmt":"2024-03-15T14:42:12","slug":"estudos-de-economia-moderna-metodos-e-tecnicas-de-direccao-de-empresas-joseph-l-massie","status":"publish","type":"product","link":"https:\/\/casadolivreiro.pt\/index.php\/product\/estudos-de-economia-moderna-metodos-e-tecnicas-de-direccao-de-empresas-joseph-l-massie\/","title":{"rendered":"ESTUDOS DE ECONOMIA MODERNA: M\u00c9TODOS E T\u00c9CNICAS DE DIREC\u00c7\u00c3O DE EMPRESAS &#8211; Joseph L. Massie"},"content":{"rendered":"<p>ESTUDOS DE ECONOMIA MODERNA: M\u00c9TODOS E T\u00c9CNICAS DE DIREC\u00c7\u00c3O DE EMPRESAS<br \/>\nJoseph L. Massie<br \/>\nTradu\u00e7\u00e3o de Carolina de Oliveira e S\u00e1<br \/>\nAno de edi\u00e7\u00e3o: 1971<br \/>\nEditor: Livraria Classica Editora, Lisboa<br \/>\nIdioma: Portugu\u00eas<br \/>\nDimens\u00f5es: 14.7 x 1.7 x 21.5 cm<br \/>\nEncaderna\u00e7\u00e3o: Capa mole<br \/>\nP\u00e1ginas: 336<\/p>\n","protected":false},"excerpt":{"rendered":"<p>ESTUDOS DE ECONOMIA MODERNA: M\u00c9TODOS E T\u00c9CNICAS DE DIREC\u00c7\u00c3O DE EMPRESAS Joseph L. Massie Tradu\u00e7\u00e3o de Carolina de Oliveira e S\u00e1 Ano de edi\u00e7\u00e3o: 1971 Editor: Livraria Classica Editora, Lisboa Idioma: Portugu\u00eas Dimens\u00f5es: 14.7 x 1.7 x 21.5 cm Encaderna\u00e7\u00e3o: Capa mole P\u00e1ginas: 336<\/p>\n","protected":false},"featured_media":646,"comment_status":"open","ping_status":"closed","template":"","meta":{"om_disable_all_campaigns":false,"_monsterinsights_skip_tracking":false,"_monsterinsights_sitenote_active":false,"_monsterinsights_sitenote_note":"","_monsterinsights_sitenote_category":0,"_uf_show_specific_survey":0,"_uf_disable_surveys":false},"product_cat":[41],"product_tag":[],"aioseo_notices":[],"jetpack_sharing_enabled":true,"_links":{"self":[{"href":"https:\/\/casadolivreiro.pt\/index.php\/wp-json\/wp\/v2\/product\/645"}],"collection":[{"href":"https:\/\/casadolivreiro.pt\/index.php\/wp-json\/wp\/v2\/product"}],"about":[{"href":"https:\/\/casadolivreiro.pt\/index.php\/wp-json\/wp\/v2\/types\/product"}],"replies":[{"embeddable":true,"href":"https:\/\/casadolivreiro.pt\/index.php\/wp-json\/wp\/v2\/comments?post=645"}],"wp:featuredmedia":[{"embeddable":true,"href":"https:\/\/casadolivreiro.pt\/index.php\/wp-json\/wp\/v2\/media\/646"}],"wp:attachment":[{"href":"https:\/\/casadolivreiro.pt\/index.php\/wp-json\/wp\/v2\/media?parent=645"}],"wp:term":[{"taxonomy":"product_cat","embeddable":true,"href":"https:\/\/casadolivreiro.pt\/index.php\/wp-json\/wp\/v2\/product_cat?post=645"},{"taxonomy":"product_tag","embeddable":true,"href":"https:\/\/casadolivreiro.pt\/index.php\/wp-json\/wp\/v2\/product_tag?post=645"}],"curies":[{"name":"wp","href":"https:\/\/api.w.org\/{rel}","templated":true}]}}