{"id":6444,"date":"2026-02-13T12:32:24","date_gmt":"2026-02-13T12:32:24","guid":{"rendered":"https:\/\/casadolivreiro.pt\/?post_type=product&#038;p=6444"},"modified":"2026-02-13T12:32:24","modified_gmt":"2026-02-13T12:32:24","slug":"entre-a-vida-e-a-morte-frank-g-slaugter","status":"publish","type":"product","link":"https:\/\/casadolivreiro.pt\/index.php\/product\/entre-a-vida-e-a-morte-frank-g-slaugter\/","title":{"rendered":"ENTRE A VIDA E A MORTE &#8211; Frank G. Slaugter"},"content":{"rendered":"<p>ENTRE A VIDA E A MORTE<\/p>\n<p>Frank G. Slaugter<\/p>\n<p>Tradu\u00e7\u00e3o de Ana Gonzalez<\/p>\n<p>Ano de edi\u00e7\u00e3o:<\/p>\n<p>Editor: Edi\u00e7\u00f5es D\u00e9aga, Lisboa<\/p>\n<p>Idioma: Portugu\u00eas<\/p>\n<p>Dimens\u00f5es: 13 x 2.5 x 18.5 cm<\/p>\n<p>Encaderna\u00e7\u00e3o: Capa mole<\/p>\n<p>P\u00e1ginas: 387<\/p>\n","protected":false},"excerpt":{"rendered":"<p>ENTRE A VIDA E A MORTE Frank G. Slaugter Tradu\u00e7\u00e3o de Ana Gonzalez Ano de edi\u00e7\u00e3o: Editor: Edi\u00e7\u00f5es D\u00e9aga, Lisboa Idioma: Portugu\u00eas Dimens\u00f5es: 13 x 2.5 x 18.5 cm Encaderna\u00e7\u00e3o: Capa mole P\u00e1ginas: 387<\/p>\n","protected":false},"featured_media":6445,"comment_status":"open","ping_status":"closed","template":"","meta":{"om_disable_all_campaigns":false,"_monsterinsights_skip_tracking":false,"_monsterinsights_sitenote_active":false,"_monsterinsights_sitenote_note":"","_monsterinsights_sitenote_category":0,"_uf_show_specific_survey":0,"_uf_disable_surveys":false},"product_cat":[26],"product_tag":[],"aioseo_notices":[],"jetpack_sharing_enabled":true,"_links":{"self":[{"href":"https:\/\/casadolivreiro.pt\/index.php\/wp-json\/wp\/v2\/product\/6444"}],"collection":[{"href":"https:\/\/casadolivreiro.pt\/index.php\/wp-json\/wp\/v2\/product"}],"about":[{"href":"https:\/\/casadolivreiro.pt\/index.php\/wp-json\/wp\/v2\/types\/product"}],"replies":[{"embeddable":true,"href":"https:\/\/casadolivreiro.pt\/index.php\/wp-json\/wp\/v2\/comments?post=6444"}],"wp:featuredmedia":[{"embeddable":true,"href":"https:\/\/casadolivreiro.pt\/index.php\/wp-json\/wp\/v2\/media\/6445"}],"wp:attachment":[{"href":"https:\/\/casadolivreiro.pt\/index.php\/wp-json\/wp\/v2\/media?parent=6444"}],"wp:term":[{"taxonomy":"product_cat","embeddable":true,"href":"https:\/\/casadolivreiro.pt\/index.php\/wp-json\/wp\/v2\/product_cat?post=6444"},{"taxonomy":"product_tag","embeddable":true,"href":"https:\/\/casadolivreiro.pt\/index.php\/wp-json\/wp\/v2\/product_tag?post=6444"}],"curies":[{"name":"wp","href":"https:\/\/api.w.org\/{rel}","templated":true}]}}