{"id":643,"date":"2024-03-15T14:38:17","date_gmt":"2024-03-15T14:38:17","guid":{"rendered":"https:\/\/casadolivreiro.pt\/?post_type=product&#038;p=643"},"modified":"2024-03-15T14:38:17","modified_gmt":"2024-03-15T14:38:17","slug":"the-sunday-times-business-enterprise-guide-starting-a-successful-business-michael-morris","status":"publish","type":"product","link":"https:\/\/casadolivreiro.pt\/index.php\/product\/the-sunday-times-business-enterprise-guide-starting-a-successful-business-michael-morris\/","title":{"rendered":"THE SUNDAY TIMES BUSINESS ENTERPRISE GUIDE: STARTING A SUCCESSFUL BUSINESS &#8211; Michael Morris"},"content":{"rendered":"<p>THE SUNDAY TIMES BUSINESS ENTERPRISE GUIDE: STARTING A SUCCESSFUL BUSINESS<br \/>\nMichael Morris<br \/>\nISBN: 0 7494 3523 2<br \/>\nAno de edi\u00e7\u00e3o: 2001<br \/>\nEditor: Kogan Page, London<br \/>\nIdioma: Ingl\u00eas<br \/>\nDimens\u00f5es: 15 x 1.9 x 23 cm<br \/>\nEncaderna\u00e7\u00e3o: Capa mole<br \/>\nP\u00e1ginas: 284<\/p>\n<p>Endorsed by The Institute of Directors &#8220;&#8221;Takes the reader through the whole start-up process step-by-step, highlighting pitfalls and covering all the major considerations.&#8221;&#8221; &#8212; Job Scene &#8220;&#8221;Ideal for entrepreneurs. . . . Highly recommended.&#8221;&#8221; &#8212; George Cox, Former Director General, Institute of Directors * Exhaustive guide to all aspects of business start-up &amp; survival * Practical advice on all the crucial issues * Of interest to entrepreneurs looking to start a business and small business owners\/managers Setting up a small business and ensuring its survival can be a daunting task. One in three businesses fails within a year, mainly due to a lack of proper preparation and forward planning. &#8220;&#8221;Starting a Successful Business&#8221;&#8221; aims to help anyone get into business properly and survive. This fully revised and updated new edition takes the reader through each important step in the start-up process in a clear accessible style. The major problems facing any new business are discussed, potential pitfalls highlighted, and every crucial topic analyzed. These key areas include: Deciding what sort of business to start * taking up a franchise * marketing &amp; selling * customer analysis * publicity, advertising * e-business * financial management * cash flow forecasts * credit control * raising funds * setting up a limited company * business law * premises * operations management * bookkeeping * taxation * employing people * insurance* IT * business planning and development * a new section on women in business.<\/p>\n","protected":false},"excerpt":{"rendered":"<p>THE SUNDAY TIMES BUSINESS ENTERPRISE GUIDE: STARTING A SUCCESSFUL BUSINESS Michael Morris ISBN: 0 7494 3523 2 Ano de edi\u00e7\u00e3o: 2001 Editor: Kogan Page, London Idioma: Ingl\u00eas Dimens\u00f5es: 15 x 1.9 x 23 cm Encaderna\u00e7\u00e3o: Capa mole P\u00e1ginas: 284 Endorsed by The Institute of Directors &#8220;&#8221;Takes the reader through the whole start-up process step-by-step, highlighting [&hellip;]<\/p>\n","protected":false},"featured_media":644,"comment_status":"open","ping_status":"closed","template":"","meta":{"om_disable_all_campaigns":false,"_monsterinsights_skip_tracking":false,"_monsterinsights_sitenote_active":false,"_monsterinsights_sitenote_note":"","_monsterinsights_sitenote_category":0,"_uf_show_specific_survey":0,"_uf_disable_surveys":false},"product_cat":[41,55],"product_tag":[],"aioseo_notices":[],"jetpack_sharing_enabled":true,"_links":{"self":[{"href":"https:\/\/casadolivreiro.pt\/index.php\/wp-json\/wp\/v2\/product\/643"}],"collection":[{"href":"https:\/\/casadolivreiro.pt\/index.php\/wp-json\/wp\/v2\/product"}],"about":[{"href":"https:\/\/casadolivreiro.pt\/index.php\/wp-json\/wp\/v2\/types\/product"}],"replies":[{"embeddable":true,"href":"https:\/\/casadolivreiro.pt\/index.php\/wp-json\/wp\/v2\/comments?post=643"}],"wp:featuredmedia":[{"embeddable":true,"href":"https:\/\/casadolivreiro.pt\/index.php\/wp-json\/wp\/v2\/media\/644"}],"wp:attachment":[{"href":"https:\/\/casadolivreiro.pt\/index.php\/wp-json\/wp\/v2\/media?parent=643"}],"wp:term":[{"taxonomy":"product_cat","embeddable":true,"href":"https:\/\/casadolivreiro.pt\/index.php\/wp-json\/wp\/v2\/product_cat?post=643"},{"taxonomy":"product_tag","embeddable":true,"href":"https:\/\/casadolivreiro.pt\/index.php\/wp-json\/wp\/v2\/product_tag?post=643"}],"curies":[{"name":"wp","href":"https:\/\/api.w.org\/{rel}","templated":true}]}}