{"id":6417,"date":"2026-02-13T00:22:55","date_gmt":"2026-02-13T00:22:55","guid":{"rendered":"https:\/\/casadolivreiro.pt\/?post_type=product&#038;p=6417"},"modified":"2026-02-13T00:22:55","modified_gmt":"2026-02-13T00:22:55","slug":"tropico-de-capricornio-henry-miller","status":"publish","type":"product","link":"https:\/\/casadolivreiro.pt\/index.php\/product\/tropico-de-capricornio-henry-miller\/","title":{"rendered":"TR\u00d3PICO DE CAPRIC\u00d3RNIO &#8211; Henry Miller"},"content":{"rendered":"<p>TR\u00d3PICO DE CAPRIC\u00d3RNIO<\/p>\n<p>Henry Miller<\/p>\n<p>Tradu\u00e7\u00e3o de Fernanda Pinto Rodrigues<\/p>\n<p>Ano de edi\u00e7\u00e3o: 1980<\/p>\n<p>Editor: Circulo de Leitores<\/p>\n<p>Idioma: Portugu\u00eas<\/p>\n<p>Dimens\u00f5es: 12 x 2 x 20 cm<\/p>\n<p>Encaderna\u00e7\u00e3o: Capa dura<\/p>\n<p>P\u00e1ginas: 325<\/p>\n","protected":false},"excerpt":{"rendered":"<p>TR\u00d3PICO DE CAPRIC\u00d3RNIO Henry Miller Tradu\u00e7\u00e3o de Fernanda Pinto Rodrigues Ano de edi\u00e7\u00e3o: 1980 Editor: Circulo de Leitores Idioma: Portugu\u00eas Dimens\u00f5es: 12 x 2 x 20 cm Encaderna\u00e7\u00e3o: Capa dura P\u00e1ginas: 325<\/p>\n","protected":false},"featured_media":6418,"comment_status":"open","ping_status":"closed","template":"","meta":{"om_disable_all_campaigns":false,"_monsterinsights_skip_tracking":false,"_monsterinsights_sitenote_active":false,"_monsterinsights_sitenote_note":"","_monsterinsights_sitenote_category":0,"_uf_show_specific_survey":0,"_uf_disable_surveys":false},"product_cat":[26],"product_tag":[],"aioseo_notices":[],"jetpack_sharing_enabled":true,"_links":{"self":[{"href":"https:\/\/casadolivreiro.pt\/index.php\/wp-json\/wp\/v2\/product\/6417"}],"collection":[{"href":"https:\/\/casadolivreiro.pt\/index.php\/wp-json\/wp\/v2\/product"}],"about":[{"href":"https:\/\/casadolivreiro.pt\/index.php\/wp-json\/wp\/v2\/types\/product"}],"replies":[{"embeddable":true,"href":"https:\/\/casadolivreiro.pt\/index.php\/wp-json\/wp\/v2\/comments?post=6417"}],"wp:featuredmedia":[{"embeddable":true,"href":"https:\/\/casadolivreiro.pt\/index.php\/wp-json\/wp\/v2\/media\/6418"}],"wp:attachment":[{"href":"https:\/\/casadolivreiro.pt\/index.php\/wp-json\/wp\/v2\/media?parent=6417"}],"wp:term":[{"taxonomy":"product_cat","embeddable":true,"href":"https:\/\/casadolivreiro.pt\/index.php\/wp-json\/wp\/v2\/product_cat?post=6417"},{"taxonomy":"product_tag","embeddable":true,"href":"https:\/\/casadolivreiro.pt\/index.php\/wp-json\/wp\/v2\/product_tag?post=6417"}],"curies":[{"name":"wp","href":"https:\/\/api.w.org\/{rel}","templated":true}]}}