{"id":6415,"date":"2026-02-13T00:20:44","date_gmt":"2026-02-13T00:20:44","guid":{"rendered":"https:\/\/casadolivreiro.pt\/?post_type=product&#038;p=6415"},"modified":"2026-02-13T00:20:44","modified_gmt":"2026-02-13T00:20:44","slug":"monique-medica-e-doente-monique-brossard-le-grand","status":"publish","type":"product","link":"https:\/\/casadolivreiro.pt\/index.php\/product\/monique-medica-e-doente-monique-brossard-le-grand\/","title":{"rendered":"MONIQUE: M\u00c9DICA E DOENTE &#8211; Monique Brossard-Le Grand"},"content":{"rendered":"<p>MONIQUE: M\u00c9DICA E DOENTE<\/p>\n<p>Monique Brossard-Le Grand<\/p>\n<p>Tradu\u00e7\u00e3o de Fernanda Ferreira<\/p>\n<p>Ano de edi\u00e7\u00e3o: 1988<\/p>\n<p>Editor: Circulo de Leitores<\/p>\n<p>Idioma: Portugu\u00eas<\/p>\n<p>Dimens\u00f5es: 12 x 1.5 x 20 cm<\/p>\n<p>Encaderna\u00e7\u00e3o: Capa dura<\/p>\n<p>P\u00e1ginas: 194<\/p>\n","protected":false},"excerpt":{"rendered":"<p>MONIQUE: M\u00c9DICA E DOENTE Monique Brossard-Le Grand Tradu\u00e7\u00e3o de Fernanda Ferreira Ano de edi\u00e7\u00e3o: 1988 Editor: Circulo de Leitores Idioma: Portugu\u00eas Dimens\u00f5es: 12 x 1.5 x 20 cm Encaderna\u00e7\u00e3o: Capa dura P\u00e1ginas: 194<\/p>\n","protected":false},"featured_media":6416,"comment_status":"open","ping_status":"closed","template":"","meta":{"om_disable_all_campaigns":false,"_monsterinsights_skip_tracking":false,"_monsterinsights_sitenote_active":false,"_monsterinsights_sitenote_note":"","_monsterinsights_sitenote_category":0,"_uf_show_specific_survey":0,"_uf_disable_surveys":false},"product_cat":[26],"product_tag":[],"aioseo_notices":[],"jetpack_sharing_enabled":true,"_links":{"self":[{"href":"https:\/\/casadolivreiro.pt\/index.php\/wp-json\/wp\/v2\/product\/6415"}],"collection":[{"href":"https:\/\/casadolivreiro.pt\/index.php\/wp-json\/wp\/v2\/product"}],"about":[{"href":"https:\/\/casadolivreiro.pt\/index.php\/wp-json\/wp\/v2\/types\/product"}],"replies":[{"embeddable":true,"href":"https:\/\/casadolivreiro.pt\/index.php\/wp-json\/wp\/v2\/comments?post=6415"}],"wp:featuredmedia":[{"embeddable":true,"href":"https:\/\/casadolivreiro.pt\/index.php\/wp-json\/wp\/v2\/media\/6416"}],"wp:attachment":[{"href":"https:\/\/casadolivreiro.pt\/index.php\/wp-json\/wp\/v2\/media?parent=6415"}],"wp:term":[{"taxonomy":"product_cat","embeddable":true,"href":"https:\/\/casadolivreiro.pt\/index.php\/wp-json\/wp\/v2\/product_cat?post=6415"},{"taxonomy":"product_tag","embeddable":true,"href":"https:\/\/casadolivreiro.pt\/index.php\/wp-json\/wp\/v2\/product_tag?post=6415"}],"curies":[{"name":"wp","href":"https:\/\/api.w.org\/{rel}","templated":true}]}}