{"id":6411,"date":"2026-02-13T00:15:50","date_gmt":"2026-02-13T00:15:50","guid":{"rendered":"https:\/\/casadolivreiro.pt\/?post_type=product&#038;p=6411"},"modified":"2026-02-13T00:15:50","modified_gmt":"2026-02-13T00:15:50","slug":"regresso-a-roissy-pauline-reage","status":"publish","type":"product","link":"https:\/\/casadolivreiro.pt\/index.php\/product\/regresso-a-roissy-pauline-reage\/","title":{"rendered":"REGRESSO A ROISSY &#8211; Pauline R\u00e9age"},"content":{"rendered":"<p>REGRESSO A ROISSY<\/p>\n<p>Pauline R\u00e9age<\/p>\n<p>Tradu\u00e7\u00e3o de G. Cascais Franco<\/p>\n<p>Ano de edi\u00e7\u00e3o: 1991<\/p>\n<p>Editor: Circulo de Leitores<\/p>\n<p>Idioma: Portugu\u00eas<\/p>\n<p>Dimens\u00f5es: 12 x 1 x 20 cm<\/p>\n<p>Encaderna\u00e7\u00e3o: Capa dura<\/p>\n<p>P\u00e1ginas: 99<\/p>\n","protected":false},"excerpt":{"rendered":"<p>REGRESSO A ROISSY Pauline R\u00e9age Tradu\u00e7\u00e3o de G. Cascais Franco Ano de edi\u00e7\u00e3o: 1991 Editor: Circulo de Leitores Idioma: Portugu\u00eas Dimens\u00f5es: 12 x 1 x 20 cm Encaderna\u00e7\u00e3o: Capa dura P\u00e1ginas: 99<\/p>\n","protected":false},"featured_media":6412,"comment_status":"open","ping_status":"closed","template":"","meta":{"om_disable_all_campaigns":false,"_monsterinsights_skip_tracking":false,"_monsterinsights_sitenote_active":false,"_monsterinsights_sitenote_note":"","_monsterinsights_sitenote_category":0,"_uf_show_specific_survey":0,"_uf_disable_surveys":false},"product_cat":[26],"product_tag":[],"aioseo_notices":[],"jetpack_sharing_enabled":true,"_links":{"self":[{"href":"https:\/\/casadolivreiro.pt\/index.php\/wp-json\/wp\/v2\/product\/6411"}],"collection":[{"href":"https:\/\/casadolivreiro.pt\/index.php\/wp-json\/wp\/v2\/product"}],"about":[{"href":"https:\/\/casadolivreiro.pt\/index.php\/wp-json\/wp\/v2\/types\/product"}],"replies":[{"embeddable":true,"href":"https:\/\/casadolivreiro.pt\/index.php\/wp-json\/wp\/v2\/comments?post=6411"}],"wp:featuredmedia":[{"embeddable":true,"href":"https:\/\/casadolivreiro.pt\/index.php\/wp-json\/wp\/v2\/media\/6412"}],"wp:attachment":[{"href":"https:\/\/casadolivreiro.pt\/index.php\/wp-json\/wp\/v2\/media?parent=6411"}],"wp:term":[{"taxonomy":"product_cat","embeddable":true,"href":"https:\/\/casadolivreiro.pt\/index.php\/wp-json\/wp\/v2\/product_cat?post=6411"},{"taxonomy":"product_tag","embeddable":true,"href":"https:\/\/casadolivreiro.pt\/index.php\/wp-json\/wp\/v2\/product_tag?post=6411"}],"curies":[{"name":"wp","href":"https:\/\/api.w.org\/{rel}","templated":true}]}}