{"id":6405,"date":"2026-02-13T00:10:11","date_gmt":"2026-02-13T00:10:11","guid":{"rendered":"https:\/\/casadolivreiro.pt\/?post_type=product&#038;p=6405"},"modified":"2026-02-13T00:10:11","modified_gmt":"2026-02-13T00:10:11","slug":"o-ultimo-catao-matilde-asensi","status":"publish","type":"product","link":"https:\/\/casadolivreiro.pt\/index.php\/product\/o-ultimo-catao-matilde-asensi\/","title":{"rendered":"O \u00daLTIMO CAT\u00c3O &#8211; Matilde Asensi"},"content":{"rendered":"<p>O \u00daLTIMO CAT\u00c3O<\/p>\n<p>Matilde Asensi<\/p>\n<p>Tradu\u00e7\u00e3o de J. Teixeira de Aguilar<\/p>\n<p>Ano de edi\u00e7\u00e3o: 2007 (1.a edi\u00e7\u00e3o)<\/p>\n<p>Editor: Dom Quixote<\/p>\n<p>Idioma: Portugu\u00eas<\/p>\n<p>Dimens\u00f5es: 12.5 x 3.4 x 19 cm<\/p>\n<p>Encaderna\u00e7\u00e3o: Capa mole<\/p>\n<p>P\u00e1ginas: 623<\/p>\n","protected":false},"excerpt":{"rendered":"<p>O \u00daLTIMO CAT\u00c3O Matilde Asensi Tradu\u00e7\u00e3o de J. Teixeira de Aguilar Ano de edi\u00e7\u00e3o: 2007 (1.a edi\u00e7\u00e3o) Editor: Dom Quixote Idioma: Portugu\u00eas Dimens\u00f5es: 12.5 x 3.4 x 19 cm Encaderna\u00e7\u00e3o: Capa mole P\u00e1ginas: 623<\/p>\n","protected":false},"featured_media":6406,"comment_status":"open","ping_status":"closed","template":"","meta":{"om_disable_all_campaigns":false,"_monsterinsights_skip_tracking":false,"_monsterinsights_sitenote_active":false,"_monsterinsights_sitenote_note":"","_monsterinsights_sitenote_category":0,"_uf_show_specific_survey":0,"_uf_disable_surveys":false},"product_cat":[26],"product_tag":[],"aioseo_notices":[],"jetpack_sharing_enabled":true,"_links":{"self":[{"href":"https:\/\/casadolivreiro.pt\/index.php\/wp-json\/wp\/v2\/product\/6405"}],"collection":[{"href":"https:\/\/casadolivreiro.pt\/index.php\/wp-json\/wp\/v2\/product"}],"about":[{"href":"https:\/\/casadolivreiro.pt\/index.php\/wp-json\/wp\/v2\/types\/product"}],"replies":[{"embeddable":true,"href":"https:\/\/casadolivreiro.pt\/index.php\/wp-json\/wp\/v2\/comments?post=6405"}],"wp:featuredmedia":[{"embeddable":true,"href":"https:\/\/casadolivreiro.pt\/index.php\/wp-json\/wp\/v2\/media\/6406"}],"wp:attachment":[{"href":"https:\/\/casadolivreiro.pt\/index.php\/wp-json\/wp\/v2\/media?parent=6405"}],"wp:term":[{"taxonomy":"product_cat","embeddable":true,"href":"https:\/\/casadolivreiro.pt\/index.php\/wp-json\/wp\/v2\/product_cat?post=6405"},{"taxonomy":"product_tag","embeddable":true,"href":"https:\/\/casadolivreiro.pt\/index.php\/wp-json\/wp\/v2\/product_tag?post=6405"}],"curies":[{"name":"wp","href":"https:\/\/api.w.org\/{rel}","templated":true}]}}