{"id":640,"date":"2024-03-15T14:31:30","date_gmt":"2024-03-15T14:31:30","guid":{"rendered":"https:\/\/casadolivreiro.pt\/?post_type=product&#038;p=640"},"modified":"2024-03-15T14:31:30","modified_gmt":"2024-03-15T14:31:30","slug":"novos-exercicios-graduados-de-solfejo-tomaz-borba","status":"publish","type":"product","link":"https:\/\/casadolivreiro.pt\/index.php\/product\/novos-exercicios-graduados-de-solfejo-tomaz-borba\/","title":{"rendered":"NOVOS EXERCICIOS GRADUADOS DE SOLFEJO &#8211; Tomaz Borba"},"content":{"rendered":"<p>NOVOS EXERCICIOS GRADUADOS DE SOLFEJO<br \/>\nTomaz Borba<br \/>\n1.a parte<br \/>\n5.a edi\u00e7\u00e3o (Aprovados para o ensino nos Conservat\u00f3rios por despacho ministerial publicado no D.G. de 4 de Fevereiro de 1931.)<br \/>\nEditor: Valentim de Carvalho, Lda., Lisboa<br \/>\nIdioma: Portugu\u00eas<br \/>\nDimens\u00f5es: 15.5 x 0.6 x 22.5 cm<br \/>\nEncaderna\u00e7\u00e3o: Capa mole<br \/>\nP\u00e1ginas: 127<\/p>\n","protected":false},"excerpt":{"rendered":"<p>NOVOS EXERCICIOS GRADUADOS DE SOLFEJO Tomaz Borba 1.a parte 5.a edi\u00e7\u00e3o (Aprovados para o ensino nos Conservat\u00f3rios por despacho ministerial publicado no D.G. de 4 de Fevereiro de 1931.) Editor: Valentim de Carvalho, Lda., Lisboa Idioma: Portugu\u00eas Dimens\u00f5es: 15.5 x 0.6 x 22.5 cm Encaderna\u00e7\u00e3o: Capa mole P\u00e1ginas: 127<\/p>\n","protected":false},"featured_media":637,"comment_status":"open","ping_status":"closed","template":"","meta":{"om_disable_all_campaigns":false,"_monsterinsights_skip_tracking":false,"_monsterinsights_sitenote_active":false,"_monsterinsights_sitenote_note":"","_monsterinsights_sitenote_category":0,"_uf_show_specific_survey":0,"_uf_disable_surveys":false},"product_cat":[24,47],"product_tag":[],"aioseo_notices":[],"jetpack_sharing_enabled":true,"_links":{"self":[{"href":"https:\/\/casadolivreiro.pt\/index.php\/wp-json\/wp\/v2\/product\/640"}],"collection":[{"href":"https:\/\/casadolivreiro.pt\/index.php\/wp-json\/wp\/v2\/product"}],"about":[{"href":"https:\/\/casadolivreiro.pt\/index.php\/wp-json\/wp\/v2\/types\/product"}],"replies":[{"embeddable":true,"href":"https:\/\/casadolivreiro.pt\/index.php\/wp-json\/wp\/v2\/comments?post=640"}],"wp:featuredmedia":[{"embeddable":true,"href":"https:\/\/casadolivreiro.pt\/index.php\/wp-json\/wp\/v2\/media\/637"}],"wp:attachment":[{"href":"https:\/\/casadolivreiro.pt\/index.php\/wp-json\/wp\/v2\/media?parent=640"}],"wp:term":[{"taxonomy":"product_cat","embeddable":true,"href":"https:\/\/casadolivreiro.pt\/index.php\/wp-json\/wp\/v2\/product_cat?post=640"},{"taxonomy":"product_tag","embeddable":true,"href":"https:\/\/casadolivreiro.pt\/index.php\/wp-json\/wp\/v2\/product_tag?post=640"}],"curies":[{"name":"wp","href":"https:\/\/api.w.org\/{rel}","templated":true}]}}