{"id":6396,"date":"2026-02-13T00:00:19","date_gmt":"2026-02-13T00:00:19","guid":{"rendered":"https:\/\/casadolivreiro.pt\/?post_type=product&#038;p=6396"},"modified":"2026-02-13T00:00:19","modified_gmt":"2026-02-13T00:00:19","slug":"uma-mulher-fabulosa-jackie-collins","status":"publish","type":"product","link":"https:\/\/casadolivreiro.pt\/index.php\/product\/uma-mulher-fabulosa-jackie-collins\/","title":{"rendered":"UMA MULHER FABULOSA &#8211; Jackie Collins"},"content":{"rendered":"<p>UMA MULHER FABULOSA<\/p>\n<p>Jackie Collins<\/p>\n<p>Tradu\u00e7\u00e3o de Maria Luisa Oliveira Santos<\/p>\n<p>Ano de edi\u00e7\u00e3o: 1987<\/p>\n<p>Editor: Circulo de Leitores<\/p>\n<p>Idioma: Portugu\u00eas<\/p>\n<p>Dimens\u00f5es: 12 x 3 x 20 cm<\/p>\n<p>Encaderna\u00e7\u00e3o: Capa dura<\/p>\n<p>P\u00e1ginas: 637<\/p>\n","protected":false},"excerpt":{"rendered":"<p>UMA MULHER FABULOSA Jackie Collins Tradu\u00e7\u00e3o de Maria Luisa Oliveira Santos Ano de edi\u00e7\u00e3o: 1987 Editor: Circulo de Leitores Idioma: Portugu\u00eas Dimens\u00f5es: 12 x 3 x 20 cm Encaderna\u00e7\u00e3o: Capa dura P\u00e1ginas: 637<\/p>\n","protected":false},"featured_media":6398,"comment_status":"open","ping_status":"closed","template":"","meta":{"om_disable_all_campaigns":false,"_monsterinsights_skip_tracking":false,"_monsterinsights_sitenote_active":false,"_monsterinsights_sitenote_note":"","_monsterinsights_sitenote_category":0,"_uf_show_specific_survey":0,"_uf_disable_surveys":false},"product_cat":[26],"product_tag":[],"aioseo_notices":[],"jetpack_sharing_enabled":true,"_links":{"self":[{"href":"https:\/\/casadolivreiro.pt\/index.php\/wp-json\/wp\/v2\/product\/6396"}],"collection":[{"href":"https:\/\/casadolivreiro.pt\/index.php\/wp-json\/wp\/v2\/product"}],"about":[{"href":"https:\/\/casadolivreiro.pt\/index.php\/wp-json\/wp\/v2\/types\/product"}],"replies":[{"embeddable":true,"href":"https:\/\/casadolivreiro.pt\/index.php\/wp-json\/wp\/v2\/comments?post=6396"}],"wp:featuredmedia":[{"embeddable":true,"href":"https:\/\/casadolivreiro.pt\/index.php\/wp-json\/wp\/v2\/media\/6398"}],"wp:attachment":[{"href":"https:\/\/casadolivreiro.pt\/index.php\/wp-json\/wp\/v2\/media?parent=6396"}],"wp:term":[{"taxonomy":"product_cat","embeddable":true,"href":"https:\/\/casadolivreiro.pt\/index.php\/wp-json\/wp\/v2\/product_cat?post=6396"},{"taxonomy":"product_tag","embeddable":true,"href":"https:\/\/casadolivreiro.pt\/index.php\/wp-json\/wp\/v2\/product_tag?post=6396"}],"curies":[{"name":"wp","href":"https:\/\/api.w.org\/{rel}","templated":true}]}}