{"id":6390,"date":"2026-02-12T23:52:44","date_gmt":"2026-02-12T23:52:44","guid":{"rendered":"https:\/\/casadolivreiro.pt\/?post_type=product&#038;p=6390"},"modified":"2026-02-12T23:52:44","modified_gmt":"2026-02-12T23:52:44","slug":"os-lusiadas-tomo-ii-luis-de-camoes","status":"publish","type":"product","link":"https:\/\/casadolivreiro.pt\/index.php\/product\/os-lusiadas-tomo-ii-luis-de-camoes\/","title":{"rendered":"OS LUSIADAS  Tomo II &#8211; Lu\u00eds de Cam\u00f5es"},"content":{"rendered":"<p>OS LUSIADAS \u00a0Tomo II<\/p>\n<p>Lu\u00eds de Cam\u00f5es<\/p>\n<p>Colec\u00e7\u00e3o Grandes Genios da Literatura Universal<\/p>\n<p>Ano de edi\u00e7\u00e3o: 1990<\/p>\n<p>Editor: Euro-Forma\u00e7\u00e3o Lda. Lisboa<\/p>\n<p>Idioma: Portugu\u00eas<\/p>\n<p>Dimens\u00f5es: 12 x 3 x 17.7 cm<\/p>\n<p>Encaderna\u00e7\u00e3o: Capa dura<\/p>\n<p>P\u00e1ginas: 287<\/p>\n","protected":false},"excerpt":{"rendered":"<p>OS LUSIADAS \u00a0Tomo II Lu\u00eds de Cam\u00f5es Colec\u00e7\u00e3o Grandes Genios da Literatura Universal Ano de edi\u00e7\u00e3o: 1990 Editor: Euro-Forma\u00e7\u00e3o Lda. Lisboa Idioma: Portugu\u00eas Dimens\u00f5es: 12 x 3 x 17.7 cm Encaderna\u00e7\u00e3o: Capa dura P\u00e1ginas: 287<\/p>\n","protected":false},"featured_media":6391,"comment_status":"open","ping_status":"closed","template":"","meta":{"om_disable_all_campaigns":false,"_monsterinsights_skip_tracking":false,"_monsterinsights_sitenote_active":false,"_monsterinsights_sitenote_note":"","_monsterinsights_sitenote_category":0,"_uf_show_specific_survey":0,"_uf_disable_surveys":false},"product_cat":[25],"product_tag":[],"aioseo_notices":[],"jetpack_sharing_enabled":true,"_links":{"self":[{"href":"https:\/\/casadolivreiro.pt\/index.php\/wp-json\/wp\/v2\/product\/6390"}],"collection":[{"href":"https:\/\/casadolivreiro.pt\/index.php\/wp-json\/wp\/v2\/product"}],"about":[{"href":"https:\/\/casadolivreiro.pt\/index.php\/wp-json\/wp\/v2\/types\/product"}],"replies":[{"embeddable":true,"href":"https:\/\/casadolivreiro.pt\/index.php\/wp-json\/wp\/v2\/comments?post=6390"}],"wp:featuredmedia":[{"embeddable":true,"href":"https:\/\/casadolivreiro.pt\/index.php\/wp-json\/wp\/v2\/media\/6391"}],"wp:attachment":[{"href":"https:\/\/casadolivreiro.pt\/index.php\/wp-json\/wp\/v2\/media?parent=6390"}],"wp:term":[{"taxonomy":"product_cat","embeddable":true,"href":"https:\/\/casadolivreiro.pt\/index.php\/wp-json\/wp\/v2\/product_cat?post=6390"},{"taxonomy":"product_tag","embeddable":true,"href":"https:\/\/casadolivreiro.pt\/index.php\/wp-json\/wp\/v2\/product_tag?post=6390"}],"curies":[{"name":"wp","href":"https:\/\/api.w.org\/{rel}","templated":true}]}}