{"id":6388,"date":"2026-02-12T23:51:04","date_gmt":"2026-02-12T23:51:04","guid":{"rendered":"https:\/\/casadolivreiro.pt\/?post_type=product&#038;p=6388"},"modified":"2026-02-12T23:51:04","modified_gmt":"2026-02-12T23:51:04","slug":"crepusculo-luz-e-escuridao-stephenie-meyer","status":"publish","type":"product","link":"https:\/\/casadolivreiro.pt\/index.php\/product\/crepusculo-luz-e-escuridao-stephenie-meyer\/","title":{"rendered":"CREP\u00daSCULO: LUZ E ESCURID\u00c3O &#8211; Stephenie Meyer"},"content":{"rendered":"<p>CREP\u00daSCULO: LUZ E ESCURID\u00c3O<\/p>\n<p>Stephenie Meyer<\/p>\n<p>Tradu\u00e7\u00e3o de Vera Fal\u00e7\u00e3o Martins<\/p>\n<p>Ano de edi\u00e7\u00e3o: 2009<\/p>\n<p>Editor: Edi\u00e7\u00f5es Gailivro, S.A.<\/p>\n<p>Idioma: Portugu\u00eas<\/p>\n<p>Dimens\u00f5es: 13.5 x 2 x 21.5 cm<\/p>\n<p>Encaderna\u00e7\u00e3o: Capa mole<\/p>\n<p>P\u00e1ginas: 477<\/p>\n","protected":false},"excerpt":{"rendered":"<p>CREP\u00daSCULO: LUZ E ESCURID\u00c3O Stephenie Meyer Tradu\u00e7\u00e3o de Vera Fal\u00e7\u00e3o Martins Ano de edi\u00e7\u00e3o: 2009 Editor: Edi\u00e7\u00f5es Gailivro, S.A. Idioma: Portugu\u00eas Dimens\u00f5es: 13.5 x 2 x 21.5 cm Encaderna\u00e7\u00e3o: Capa mole P\u00e1ginas: 477<\/p>\n","protected":false},"featured_media":6389,"comment_status":"open","ping_status":"closed","template":"","meta":{"om_disable_all_campaigns":false,"_monsterinsights_skip_tracking":false,"_monsterinsights_sitenote_active":false,"_monsterinsights_sitenote_note":"","_monsterinsights_sitenote_category":0,"_uf_show_specific_survey":0,"_uf_disable_surveys":false},"product_cat":[26],"product_tag":[],"aioseo_notices":[],"jetpack_sharing_enabled":true,"_links":{"self":[{"href":"https:\/\/casadolivreiro.pt\/index.php\/wp-json\/wp\/v2\/product\/6388"}],"collection":[{"href":"https:\/\/casadolivreiro.pt\/index.php\/wp-json\/wp\/v2\/product"}],"about":[{"href":"https:\/\/casadolivreiro.pt\/index.php\/wp-json\/wp\/v2\/types\/product"}],"replies":[{"embeddable":true,"href":"https:\/\/casadolivreiro.pt\/index.php\/wp-json\/wp\/v2\/comments?post=6388"}],"wp:featuredmedia":[{"embeddable":true,"href":"https:\/\/casadolivreiro.pt\/index.php\/wp-json\/wp\/v2\/media\/6389"}],"wp:attachment":[{"href":"https:\/\/casadolivreiro.pt\/index.php\/wp-json\/wp\/v2\/media?parent=6388"}],"wp:term":[{"taxonomy":"product_cat","embeddable":true,"href":"https:\/\/casadolivreiro.pt\/index.php\/wp-json\/wp\/v2\/product_cat?post=6388"},{"taxonomy":"product_tag","embeddable":true,"href":"https:\/\/casadolivreiro.pt\/index.php\/wp-json\/wp\/v2\/product_tag?post=6388"}],"curies":[{"name":"wp","href":"https:\/\/api.w.org\/{rel}","templated":true}]}}