{"id":6382,"date":"2026-02-12T23:44:47","date_gmt":"2026-02-12T23:44:47","guid":{"rendered":"https:\/\/casadolivreiro.pt\/?post_type=product&#038;p=6382"},"modified":"2026-02-12T23:44:47","modified_gmt":"2026-02-12T23:44:47","slug":"anjo-da-noite-kate-green","status":"publish","type":"product","link":"https:\/\/casadolivreiro.pt\/index.php\/product\/anjo-da-noite-kate-green\/","title":{"rendered":"ANJO DA NOITE &#8211; Kate Green"},"content":{"rendered":"<p>ANJO DA NOITE<\/p>\n<p>Kate Green<\/p>\n<p>Tradu\u00e7\u00e3o de Lucinda Maria Santos Silva<\/p>\n<p>Ano de edi\u00e7\u00e3o: 1990<\/p>\n<p>Editor: Difus\u00e3o Cultural<\/p>\n<p>Idioma: Portugu\u00eas<\/p>\n<p>Dimens\u00f5es: 13.5 x 1.5 x 21 cm<\/p>\n<p>Encaderna\u00e7\u00e3o: Capa mole<\/p>\n<p>P\u00e1ginas: 309<\/p>\n","protected":false},"excerpt":{"rendered":"<p>ANJO DA NOITE Kate Green Tradu\u00e7\u00e3o de Lucinda Maria Santos Silva Ano de edi\u00e7\u00e3o: 1990 Editor: Difus\u00e3o Cultural Idioma: Portugu\u00eas Dimens\u00f5es: 13.5 x 1.5 x 21 cm Encaderna\u00e7\u00e3o: Capa mole P\u00e1ginas: 309<\/p>\n","protected":false},"featured_media":6383,"comment_status":"open","ping_status":"closed","template":"","meta":{"om_disable_all_campaigns":false,"_monsterinsights_skip_tracking":false,"_monsterinsights_sitenote_active":false,"_monsterinsights_sitenote_note":"","_monsterinsights_sitenote_category":0,"_uf_show_specific_survey":0,"_uf_disable_surveys":false},"product_cat":[26],"product_tag":[],"aioseo_notices":[],"jetpack_sharing_enabled":true,"_links":{"self":[{"href":"https:\/\/casadolivreiro.pt\/index.php\/wp-json\/wp\/v2\/product\/6382"}],"collection":[{"href":"https:\/\/casadolivreiro.pt\/index.php\/wp-json\/wp\/v2\/product"}],"about":[{"href":"https:\/\/casadolivreiro.pt\/index.php\/wp-json\/wp\/v2\/types\/product"}],"replies":[{"embeddable":true,"href":"https:\/\/casadolivreiro.pt\/index.php\/wp-json\/wp\/v2\/comments?post=6382"}],"wp:featuredmedia":[{"embeddable":true,"href":"https:\/\/casadolivreiro.pt\/index.php\/wp-json\/wp\/v2\/media\/6383"}],"wp:attachment":[{"href":"https:\/\/casadolivreiro.pt\/index.php\/wp-json\/wp\/v2\/media?parent=6382"}],"wp:term":[{"taxonomy":"product_cat","embeddable":true,"href":"https:\/\/casadolivreiro.pt\/index.php\/wp-json\/wp\/v2\/product_cat?post=6382"},{"taxonomy":"product_tag","embeddable":true,"href":"https:\/\/casadolivreiro.pt\/index.php\/wp-json\/wp\/v2\/product_tag?post=6382"}],"curies":[{"name":"wp","href":"https:\/\/api.w.org\/{rel}","templated":true}]}}