{"id":6376,"date":"2026-02-12T23:39:30","date_gmt":"2026-02-12T23:39:30","guid":{"rendered":"https:\/\/casadolivreiro.pt\/?post_type=product&#038;p=6376"},"modified":"2026-02-12T23:39:30","modified_gmt":"2026-02-12T23:39:30","slug":"desesperadamente-giulia-sveva-casati-modignani","status":"publish","type":"product","link":"https:\/\/casadolivreiro.pt\/index.php\/product\/desesperadamente-giulia-sveva-casati-modignani\/","title":{"rendered":"DESESPERADAMENTE GIULIA &#8211; Sveva Casati Modignani"},"content":{"rendered":"<p>DESESPERADAMENTE GIULIA<\/p>\n<p>Sveva Casati Modignani<\/p>\n<p>Tradu\u00e7\u00e3o de Regina Valente<\/p>\n<p>Ano de edi\u00e7\u00e3o: 2003<\/p>\n<p>Editor: ASA Editores<\/p>\n<p>Idioma: Portugu\u00eas<\/p>\n<p>Dimens\u00f5es: 15.5 x 2.5 x 23.5 cm<\/p>\n<p>Encaderna\u00e7\u00e3o: Capa mole<\/p>\n<p>P\u00e1ginas: 376<\/p>\n","protected":false},"excerpt":{"rendered":"<p>DESESPERADAMENTE GIULIA Sveva Casati Modignani Tradu\u00e7\u00e3o de Regina Valente Ano de edi\u00e7\u00e3o: 2003 Editor: ASA Editores Idioma: Portugu\u00eas Dimens\u00f5es: 15.5 x 2.5 x 23.5 cm Encaderna\u00e7\u00e3o: Capa mole P\u00e1ginas: 376<\/p>\n","protected":false},"featured_media":6377,"comment_status":"open","ping_status":"closed","template":"","meta":{"om_disable_all_campaigns":false,"_monsterinsights_skip_tracking":false,"_monsterinsights_sitenote_active":false,"_monsterinsights_sitenote_note":"","_monsterinsights_sitenote_category":0,"_uf_show_specific_survey":0,"_uf_disable_surveys":false},"product_cat":[26],"product_tag":[],"aioseo_notices":[],"jetpack_sharing_enabled":true,"_links":{"self":[{"href":"https:\/\/casadolivreiro.pt\/index.php\/wp-json\/wp\/v2\/product\/6376"}],"collection":[{"href":"https:\/\/casadolivreiro.pt\/index.php\/wp-json\/wp\/v2\/product"}],"about":[{"href":"https:\/\/casadolivreiro.pt\/index.php\/wp-json\/wp\/v2\/types\/product"}],"replies":[{"embeddable":true,"href":"https:\/\/casadolivreiro.pt\/index.php\/wp-json\/wp\/v2\/comments?post=6376"}],"wp:featuredmedia":[{"embeddable":true,"href":"https:\/\/casadolivreiro.pt\/index.php\/wp-json\/wp\/v2\/media\/6377"}],"wp:attachment":[{"href":"https:\/\/casadolivreiro.pt\/index.php\/wp-json\/wp\/v2\/media?parent=6376"}],"wp:term":[{"taxonomy":"product_cat","embeddable":true,"href":"https:\/\/casadolivreiro.pt\/index.php\/wp-json\/wp\/v2\/product_cat?post=6376"},{"taxonomy":"product_tag","embeddable":true,"href":"https:\/\/casadolivreiro.pt\/index.php\/wp-json\/wp\/v2\/product_tag?post=6376"}],"curies":[{"name":"wp","href":"https:\/\/api.w.org\/{rel}","templated":true}]}}