{"id":6372,"date":"2026-02-12T13:57:18","date_gmt":"2026-02-12T13:57:18","guid":{"rendered":"https:\/\/casadolivreiro.pt\/?post_type=product&#038;p=6372"},"modified":"2026-02-12T13:57:19","modified_gmt":"2026-02-12T13:57:19","slug":"o-homem-que-esqueceu-o-passado-heinz-konsalik","status":"publish","type":"product","link":"https:\/\/casadolivreiro.pt\/index.php\/product\/o-homem-que-esqueceu-o-passado-heinz-konsalik\/","title":{"rendered":"O HOMEM QUE ESQUECEU O PASSADO &#8211; Heinz Konsalik"},"content":{"rendered":"<p>O HOMEM QUE ESQUECEU O PASSADO<\/p>\n<p>Heinz Konsalik<\/p>\n<p>Tradu\u00e7\u00e3o de Maria Adelaide Namorado Freire<\/p>\n<p>Ano de edi\u00e7\u00e3o: 1987<\/p>\n<p>Editor: Circulo de Leitores<\/p>\n<p>Idioma: Portugu\u00eas<\/p>\n<p>Dimens\u00f5es: 12 x 1.6 x 20.3 cm<\/p>\n<p>Encaderna\u00e7\u00e3o: Capa dura<\/p>\n<p>P\u00e1ginas: 188<\/p>\n","protected":false},"excerpt":{"rendered":"<p>O HOMEM QUE ESQUECEU O PASSADO Heinz Konsalik Tradu\u00e7\u00e3o de Maria Adelaide Namorado Freire Ano de edi\u00e7\u00e3o: 1987 Editor: Circulo de Leitores Idioma: Portugu\u00eas Dimens\u00f5es: 12 x 1.6 x 20.3 cm Encaderna\u00e7\u00e3o: Capa dura P\u00e1ginas: 188<\/p>\n","protected":false},"featured_media":6373,"comment_status":"open","ping_status":"closed","template":"","meta":{"om_disable_all_campaigns":false,"_monsterinsights_skip_tracking":false,"_monsterinsights_sitenote_active":false,"_monsterinsights_sitenote_note":"","_monsterinsights_sitenote_category":0,"_uf_show_specific_survey":0,"_uf_disable_surveys":false},"product_cat":[26],"product_tag":[],"aioseo_notices":[],"jetpack_sharing_enabled":true,"_links":{"self":[{"href":"https:\/\/casadolivreiro.pt\/index.php\/wp-json\/wp\/v2\/product\/6372"}],"collection":[{"href":"https:\/\/casadolivreiro.pt\/index.php\/wp-json\/wp\/v2\/product"}],"about":[{"href":"https:\/\/casadolivreiro.pt\/index.php\/wp-json\/wp\/v2\/types\/product"}],"replies":[{"embeddable":true,"href":"https:\/\/casadolivreiro.pt\/index.php\/wp-json\/wp\/v2\/comments?post=6372"}],"wp:featuredmedia":[{"embeddable":true,"href":"https:\/\/casadolivreiro.pt\/index.php\/wp-json\/wp\/v2\/media\/6373"}],"wp:attachment":[{"href":"https:\/\/casadolivreiro.pt\/index.php\/wp-json\/wp\/v2\/media?parent=6372"}],"wp:term":[{"taxonomy":"product_cat","embeddable":true,"href":"https:\/\/casadolivreiro.pt\/index.php\/wp-json\/wp\/v2\/product_cat?post=6372"},{"taxonomy":"product_tag","embeddable":true,"href":"https:\/\/casadolivreiro.pt\/index.php\/wp-json\/wp\/v2\/product_tag?post=6372"}],"curies":[{"name":"wp","href":"https:\/\/api.w.org\/{rel}","templated":true}]}}