{"id":6366,"date":"2026-02-12T13:50:07","date_gmt":"2026-02-12T13:50:07","guid":{"rendered":"https:\/\/casadolivreiro.pt\/?post_type=product&#038;p=6366"},"modified":"2026-02-12T13:50:08","modified_gmt":"2026-02-12T13:50:08","slug":"a-sentenca-manfred-gregor","status":"publish","type":"product","link":"https:\/\/casadolivreiro.pt\/index.php\/product\/a-sentenca-manfred-gregor\/","title":{"rendered":"A SENTEN\u00c7A &#8211; Manfred Gregor"},"content":{"rendered":"<p>A SENTEN\u00c7A<\/p>\n<p>Manfred Gregor<\/p>\n<p>Tradu\u00e7\u00e3o de Maria da Luz Mota Veiga<\/p>\n<p>Ano de edi\u00e7\u00e3o:<\/p>\n<p>Editor: Circulo de Leitores<\/p>\n<p>Idioma: Portugu\u00eas<\/p>\n<p>Dimens\u00f5es: 12 x 2 x 20.3 cm<\/p>\n<p>Encaderna\u00e7\u00e3o: Capa dura<\/p>\n<p>P\u00e1ginas: 233<\/p>\n","protected":false},"excerpt":{"rendered":"<p>A SENTEN\u00c7A Manfred Gregor Tradu\u00e7\u00e3o de Maria da Luz Mota Veiga Ano de edi\u00e7\u00e3o: Editor: Circulo de Leitores Idioma: Portugu\u00eas Dimens\u00f5es: 12 x 2 x 20.3 cm Encaderna\u00e7\u00e3o: Capa dura P\u00e1ginas: 233<\/p>\n","protected":false},"featured_media":6367,"comment_status":"open","ping_status":"closed","template":"","meta":{"om_disable_all_campaigns":false,"_monsterinsights_skip_tracking":false,"_monsterinsights_sitenote_active":false,"_monsterinsights_sitenote_note":"","_monsterinsights_sitenote_category":0,"_uf_show_specific_survey":0,"_uf_disable_surveys":false},"product_cat":[26],"product_tag":[],"aioseo_notices":[],"jetpack_sharing_enabled":true,"_links":{"self":[{"href":"https:\/\/casadolivreiro.pt\/index.php\/wp-json\/wp\/v2\/product\/6366"}],"collection":[{"href":"https:\/\/casadolivreiro.pt\/index.php\/wp-json\/wp\/v2\/product"}],"about":[{"href":"https:\/\/casadolivreiro.pt\/index.php\/wp-json\/wp\/v2\/types\/product"}],"replies":[{"embeddable":true,"href":"https:\/\/casadolivreiro.pt\/index.php\/wp-json\/wp\/v2\/comments?post=6366"}],"wp:featuredmedia":[{"embeddable":true,"href":"https:\/\/casadolivreiro.pt\/index.php\/wp-json\/wp\/v2\/media\/6367"}],"wp:attachment":[{"href":"https:\/\/casadolivreiro.pt\/index.php\/wp-json\/wp\/v2\/media?parent=6366"}],"wp:term":[{"taxonomy":"product_cat","embeddable":true,"href":"https:\/\/casadolivreiro.pt\/index.php\/wp-json\/wp\/v2\/product_cat?post=6366"},{"taxonomy":"product_tag","embeddable":true,"href":"https:\/\/casadolivreiro.pt\/index.php\/wp-json\/wp\/v2\/product_tag?post=6366"}],"curies":[{"name":"wp","href":"https:\/\/api.w.org\/{rel}","templated":true}]}}