{"id":6364,"date":"2026-02-12T13:47:48","date_gmt":"2026-02-12T13:47:48","guid":{"rendered":"https:\/\/casadolivreiro.pt\/?post_type=product&#038;p=6364"},"modified":"2026-02-12T13:47:48","modified_gmt":"2026-02-12T13:47:48","slug":"a-mansao-do-diabo-jay-anson","status":"publish","type":"product","link":"https:\/\/casadolivreiro.pt\/index.php\/product\/a-mansao-do-diabo-jay-anson\/","title":{"rendered":"A MANS\u00c3O  DO DIABO &#8211; Jay Anson"},"content":{"rendered":"<p>A MANS\u00c3O\u00a0 DO DIABO<\/p>\n<p>Jay Anson<\/p>\n<p>Tradu\u00e7\u00e3o de Ant\u00f3nio Jos\u00e9 Peixeiro<\/p>\n<p>Ano de edi\u00e7\u00e3o: 1983<\/p>\n<p>Editor: Circulo de Leitores<\/p>\n<p>Idioma: Portugu\u00eas<\/p>\n<p>Dimens\u00f5es: 12 x 1.5 x 20.3 cm<\/p>\n<p>Encaderna\u00e7\u00e3o: Capa dura<\/p>\n<p>P\u00e1ginas: 212<\/p>\n","protected":false},"excerpt":{"rendered":"<p>A MANS\u00c3O\u00a0 DO DIABO Jay Anson Tradu\u00e7\u00e3o de Ant\u00f3nio Jos\u00e9 Peixeiro Ano de edi\u00e7\u00e3o: 1983 Editor: Circulo de Leitores Idioma: Portugu\u00eas Dimens\u00f5es: 12 x 1.5 x 20.3 cm Encaderna\u00e7\u00e3o: Capa dura P\u00e1ginas: 212<\/p>\n","protected":false},"featured_media":6365,"comment_status":"open","ping_status":"closed","template":"","meta":{"om_disable_all_campaigns":false,"_monsterinsights_skip_tracking":false,"_monsterinsights_sitenote_active":false,"_monsterinsights_sitenote_note":"","_monsterinsights_sitenote_category":0,"_uf_show_specific_survey":0,"_uf_disable_surveys":false},"product_cat":[26],"product_tag":[],"aioseo_notices":[],"jetpack_sharing_enabled":true,"_links":{"self":[{"href":"https:\/\/casadolivreiro.pt\/index.php\/wp-json\/wp\/v2\/product\/6364"}],"collection":[{"href":"https:\/\/casadolivreiro.pt\/index.php\/wp-json\/wp\/v2\/product"}],"about":[{"href":"https:\/\/casadolivreiro.pt\/index.php\/wp-json\/wp\/v2\/types\/product"}],"replies":[{"embeddable":true,"href":"https:\/\/casadolivreiro.pt\/index.php\/wp-json\/wp\/v2\/comments?post=6364"}],"wp:featuredmedia":[{"embeddable":true,"href":"https:\/\/casadolivreiro.pt\/index.php\/wp-json\/wp\/v2\/media\/6365"}],"wp:attachment":[{"href":"https:\/\/casadolivreiro.pt\/index.php\/wp-json\/wp\/v2\/media?parent=6364"}],"wp:term":[{"taxonomy":"product_cat","embeddable":true,"href":"https:\/\/casadolivreiro.pt\/index.php\/wp-json\/wp\/v2\/product_cat?post=6364"},{"taxonomy":"product_tag","embeddable":true,"href":"https:\/\/casadolivreiro.pt\/index.php\/wp-json\/wp\/v2\/product_tag?post=6364"}],"curies":[{"name":"wp","href":"https:\/\/api.w.org\/{rel}","templated":true}]}}