{"id":636,"date":"2024-03-15T14:27:35","date_gmt":"2024-03-15T14:27:35","guid":{"rendered":"https:\/\/casadolivreiro.pt\/?post_type=product&#038;p=636"},"modified":"2024-03-15T14:29:19","modified_gmt":"2024-03-15T14:29:19","slug":"compendio-de-teoria-elementar-da-musica-osvaldo-lacerda","status":"publish","type":"product","link":"https:\/\/casadolivreiro.pt\/index.php\/product\/compendio-de-teoria-elementar-da-musica-osvaldo-lacerda\/","title":{"rendered":"COMP\u00caNDIO DE TEORIA ELEMENTAR DA M\u00daSICA &#8211; Osvaldo Lacerda"},"content":{"rendered":"<p>COMP\u00caNDIO DE TEORIA ELEMENTAR DA M\u00daSICA<br \/>\nOsvaldo Lacerda<br \/>\nAno de edi\u00e7\u00e3o:<br \/>\nEditor: Ricordi Brasileira S.A. S\u00e3o Paulo<br \/>\nIdioma: Portugu\u00eas<br \/>\nDimens\u00f5es: 15.7 x 1 x 23 cm<br \/>\nEncaderna\u00e7\u00e3o: Capa mole<br \/>\nP\u00e1ginas: 153<\/p>\n","protected":false},"excerpt":{"rendered":"<p>COMP\u00caNDIO DE TEORIA ELEMENTAR DA M\u00daSICA Osvaldo Lacerda Ano de edi\u00e7\u00e3o: Editor: Ricordi Brasileira S.A. S\u00e3o Paulo Idioma: Portugu\u00eas Dimens\u00f5es: 15.7 x 1 x 23 cm Encaderna\u00e7\u00e3o: Capa mole P\u00e1ginas: 153<\/p>\n","protected":false},"featured_media":639,"comment_status":"open","ping_status":"closed","template":"","meta":{"om_disable_all_campaigns":false,"_monsterinsights_skip_tracking":false,"_monsterinsights_sitenote_active":false,"_monsterinsights_sitenote_note":"","_monsterinsights_sitenote_category":0,"_uf_show_specific_survey":0,"_uf_disable_surveys":false},"product_cat":[24],"product_tag":[],"aioseo_notices":[],"jetpack_sharing_enabled":true,"_links":{"self":[{"href":"https:\/\/casadolivreiro.pt\/index.php\/wp-json\/wp\/v2\/product\/636"}],"collection":[{"href":"https:\/\/casadolivreiro.pt\/index.php\/wp-json\/wp\/v2\/product"}],"about":[{"href":"https:\/\/casadolivreiro.pt\/index.php\/wp-json\/wp\/v2\/types\/product"}],"replies":[{"embeddable":true,"href":"https:\/\/casadolivreiro.pt\/index.php\/wp-json\/wp\/v2\/comments?post=636"}],"wp:featuredmedia":[{"embeddable":true,"href":"https:\/\/casadolivreiro.pt\/index.php\/wp-json\/wp\/v2\/media\/639"}],"wp:attachment":[{"href":"https:\/\/casadolivreiro.pt\/index.php\/wp-json\/wp\/v2\/media?parent=636"}],"wp:term":[{"taxonomy":"product_cat","embeddable":true,"href":"https:\/\/casadolivreiro.pt\/index.php\/wp-json\/wp\/v2\/product_cat?post=636"},{"taxonomy":"product_tag","embeddable":true,"href":"https:\/\/casadolivreiro.pt\/index.php\/wp-json\/wp\/v2\/product_tag?post=636"}],"curies":[{"name":"wp","href":"https:\/\/api.w.org\/{rel}","templated":true}]}}