{"id":6356,"date":"2026-02-12T13:35:48","date_gmt":"2026-02-12T13:35:48","guid":{"rendered":"https:\/\/casadolivreiro.pt\/?post_type=product&#038;p=6356"},"modified":"2026-02-12T13:35:48","modified_gmt":"2026-02-12T13:35:48","slug":"manha-tarde-noite-sidney-sheldon","status":"publish","type":"product","link":"https:\/\/casadolivreiro.pt\/index.php\/product\/manha-tarde-noite-sidney-sheldon\/","title":{"rendered":"MANH\u00c3, TARDE &#038; NOITE &#8211; Sidney Sheldon"},"content":{"rendered":"<p>MANH\u00c3, TARDE &amp; NOITE<\/p>\n<p>Sidney Sheldon<\/p>\n<p>Tradu\u00e7\u00e3o de Gabriela Corte-Real<\/p>\n<p>Ano de edi\u00e7\u00e3o: 1996<\/p>\n<p>Editor: Circulo de Leitores<\/p>\n<p>Idioma: Portugu\u00eas<\/p>\n<p>Dimens\u00f5es: 12 x 2 x 20.3 cm<\/p>\n<p>Encaderna\u00e7\u00e3o: Capa dura<\/p>\n<p>P\u00e1ginas: 325<\/p>\n","protected":false},"excerpt":{"rendered":"<p>MANH\u00c3, TARDE &amp; NOITE Sidney Sheldon Tradu\u00e7\u00e3o de Gabriela Corte-Real Ano de edi\u00e7\u00e3o: 1996 Editor: Circulo de Leitores Idioma: Portugu\u00eas Dimens\u00f5es: 12 x 2 x 20.3 cm Encaderna\u00e7\u00e3o: Capa dura P\u00e1ginas: 325<\/p>\n","protected":false},"featured_media":6357,"comment_status":"open","ping_status":"closed","template":"","meta":{"om_disable_all_campaigns":false,"_monsterinsights_skip_tracking":false,"_monsterinsights_sitenote_active":false,"_monsterinsights_sitenote_note":"","_monsterinsights_sitenote_category":0,"_uf_show_specific_survey":0,"_uf_disable_surveys":false},"product_cat":[26],"product_tag":[],"aioseo_notices":[],"jetpack_sharing_enabled":true,"_links":{"self":[{"href":"https:\/\/casadolivreiro.pt\/index.php\/wp-json\/wp\/v2\/product\/6356"}],"collection":[{"href":"https:\/\/casadolivreiro.pt\/index.php\/wp-json\/wp\/v2\/product"}],"about":[{"href":"https:\/\/casadolivreiro.pt\/index.php\/wp-json\/wp\/v2\/types\/product"}],"replies":[{"embeddable":true,"href":"https:\/\/casadolivreiro.pt\/index.php\/wp-json\/wp\/v2\/comments?post=6356"}],"wp:featuredmedia":[{"embeddable":true,"href":"https:\/\/casadolivreiro.pt\/index.php\/wp-json\/wp\/v2\/media\/6357"}],"wp:attachment":[{"href":"https:\/\/casadolivreiro.pt\/index.php\/wp-json\/wp\/v2\/media?parent=6356"}],"wp:term":[{"taxonomy":"product_cat","embeddable":true,"href":"https:\/\/casadolivreiro.pt\/index.php\/wp-json\/wp\/v2\/product_cat?post=6356"},{"taxonomy":"product_tag","embeddable":true,"href":"https:\/\/casadolivreiro.pt\/index.php\/wp-json\/wp\/v2\/product_tag?post=6356"}],"curies":[{"name":"wp","href":"https:\/\/api.w.org\/{rel}","templated":true}]}}